{"id":551,"date":"2020-12-15T21:08:08","date_gmt":"2020-12-15T20:08:08","guid":{"rendered":"https:\/\/tannenberg-allee.de\/?page_id=551"},"modified":"2022-05-29T14:27:42","modified_gmt":"2022-05-29T12:27:42","slug":"artikel-garten-und-freizeit","status":"publish","type":"page","link":"https:\/\/tannenberg-allee.de\/?page_id=551","title":{"rendered":"Artikel &#8222;Garten und Familie&#8220;"},"content":{"rendered":"<ul class=\"wp-block-latest-posts__list wp-block-latest-posts\"><li><a class=\"wp-block-latest-posts__post-title\" href=\"https:\/\/tannenberg-allee.de\/?p=2316\">GUF 04\/2026<\/a><div class=\"wp-block-latest-posts__post-excerpt\">Liebe Gartenfreundinnen und Gartenfreunde, nach einem schneereichen Winter, steht Ostern schon wieder vor der T\u00fcr, eventuell ist nach Erscheinen unserer Gartenzeitung Ostern 2026\u2026\u00a0<a class=\"wp-block-latest-posts__read-more\" href=\"https:\/\/tannenberg-allee.de\/?p=2316\" rel=\"noopener noreferrer\"><span class=\"screen-reader-text\">GUF 04\/2026 <\/span>weiterlesen<\/a><\/div><\/li>\n<li><a class=\"wp-block-latest-posts__post-title\" href=\"https:\/\/tannenberg-allee.de\/?p=2303\">GUF 03\/2026<\/a><div class=\"wp-block-latest-posts__post-excerpt\">Liebe Gartenfreundinnen und Gartenfreunde, nach einem au\u00dfergew\u00f6hnlich schneereichen Winter in diesem Jahr, d\u00fcrfte die Vorfreude auf den Fr\u00fchling in diesem Jahr wohl bei\u2026\u00a0<a class=\"wp-block-latest-posts__read-more\" href=\"https:\/\/tannenberg-allee.de\/?p=2303\" rel=\"noopener noreferrer\"><span class=\"screen-reader-text\">GUF 03\/2026 <\/span>weiterlesen<\/a><\/div><\/li>\n<li><a class=\"wp-block-latest-posts__post-title\" href=\"https:\/\/tannenberg-allee.de\/?p=2248\">GUF 01\/2026<\/a><div class=\"wp-block-latest-posts__post-excerpt\">Liebe Gartenfreundinnen und Gartenfreunde, der Vorstand des KGV Tannenberg-Allee e. V. w\u00fcnscht allen Mitgliedern und ihren Familienangeh\u00f6rigen ein gutes und gesundes neues Jahr\u2026\u00a0<a class=\"wp-block-latest-posts__read-more\" href=\"https:\/\/tannenberg-allee.de\/?p=2248\" rel=\"noopener noreferrer\"><span class=\"screen-reader-text\">GUF 01\/2026 <\/span>weiterlesen<\/a><\/div><\/li>\n<li><a class=\"wp-block-latest-posts__post-title\" href=\"https:\/\/tannenberg-allee.de\/?p=2218\">GUF 11\/2025<\/a><div class=\"wp-block-latest-posts__post-excerpt\">Liebe Gartenfreundinnen und liebe Gartenfreunde, die&nbsp;Gartenjahresrechnungen 2026&nbsp;sind an alle P\u00e4chterinnen und P\u00e4chter im Oktober versandt worden. Sollten Sie Ihre Pachtrechnung bis jetzt nicht\u2026\u00a0<a class=\"wp-block-latest-posts__read-more\" href=\"https:\/\/tannenberg-allee.de\/?p=2218\" rel=\"noopener noreferrer\"><span class=\"screen-reader-text\">GUF 11\/2025 <\/span>weiterlesen<\/a><\/div><\/li>\n<li><a class=\"wp-block-latest-posts__post-title\" href=\"https:\/\/tannenberg-allee.de\/?p=1908\">10\/2025<\/a><div class=\"wp-block-latest-posts__post-excerpt\">Liebe Gartenfreundinnen und Gartenfreunde, am 05.09.2025 folgten unsere Mitglieder der Einladung des Vorstands und erschienen zur diesj\u00e4hrigen Jahreshauptversammlung im Vereinshaus. Insgesamt waren von\u2026\u00a0<a class=\"wp-block-latest-posts__read-more\" href=\"https:\/\/tannenberg-allee.de\/?p=1908\" rel=\"noopener noreferrer\"><span class=\"screen-reader-text\">10\/2025 <\/span>weiterlesen<\/a><\/div><\/li>\n<li><a class=\"wp-block-latest-posts__post-title\" href=\"https:\/\/tannenberg-allee.de\/?p=1893\">08\/2025<\/a><div class=\"wp-block-latest-posts__post-excerpt\">Einladung zur Jahreshauptversammlung Der Vorstand des Kleing\u00e4rtnervereins Tannenberg-Allee e.V. l\u00e4dt hiermit gem. \u00a7 8 Abs. 1 unserer Satzung alle Gartenp\u00e4chter und Gartenp\u00e4chterinnen sowie\u2026\u00a0<a class=\"wp-block-latest-posts__read-more\" href=\"https:\/\/tannenberg-allee.de\/?p=1893\" rel=\"noopener noreferrer\"><span class=\"screen-reader-text\">08\/2025 <\/span>weiterlesen<\/a><\/div><\/li>\n<li><a class=\"wp-block-latest-posts__post-title\" href=\"https:\/\/tannenberg-allee.de\/?p=1888\">07\/2025<\/a><div class=\"wp-block-latest-posts__post-excerpt\">Liebe Gartenfreundinnen und Gartenfreunde, ihm Juli haben Geh\u00f6lze ihr L\u00e4ngenwachstum abgeschlossen und treiben aus den neuen Seitenknospen aus. Diese Zeit ist ein guter\u2026\u00a0<a class=\"wp-block-latest-posts__read-more\" href=\"https:\/\/tannenberg-allee.de\/?p=1888\" rel=\"noopener noreferrer\"><span class=\"screen-reader-text\">07\/2025 <\/span>weiterlesen<\/a><\/div><\/li>\n<li><a class=\"wp-block-latest-posts__post-title\" href=\"https:\/\/tannenberg-allee.de\/?p=1875\">06\/2025<\/a><div class=\"wp-block-latest-posts__post-excerpt\">Liebe Gartenfreundinnen und Gartenfreunde, sicherlich habt ihr bemerkt, dass in der Maiausgabe kein Artikel zu finden war. Es gab auch nicht wirklich viel\u2026\u00a0<a class=\"wp-block-latest-posts__read-more\" href=\"https:\/\/tannenberg-allee.de\/?p=1875\" rel=\"noopener noreferrer\"><span class=\"screen-reader-text\">06\/2025 <\/span>weiterlesen<\/a><\/div><\/li>\n<li><a class=\"wp-block-latest-posts__post-title\" href=\"https:\/\/tannenberg-allee.de\/?p=1872\">04\/2025<\/a><div class=\"wp-block-latest-posts__post-excerpt\">Liebe Gartenfreundinnen und Gartenfreunde, Hurra, der Winter ist endlich vorbei. Doch die k\u00e4lteempfindlichen Pflanzen sollten jetzt trotzdem noch nicht ungesch\u00fctzt drau\u00dfen stehen. Daf\u00fcr\u2026\u00a0<a class=\"wp-block-latest-posts__read-more\" href=\"https:\/\/tannenberg-allee.de\/?p=1872\" rel=\"noopener noreferrer\"><span class=\"screen-reader-text\">04\/2025 <\/span>weiterlesen<\/a><\/div><\/li>\n<li><a class=\"wp-block-latest-posts__post-title\" href=\"https:\/\/tannenberg-allee.de\/?p=1858\">03\/2025<\/a><div class=\"wp-block-latest-posts__post-excerpt\">Liebe Gartenfreundinnen und Gartenfreunde, der Fr\u00fchling beginnt \u2013 wir k\u00f6nnen die ersten sch\u00f6nen Sonnentage genie\u00dfen und durchstarten. Das hei\u00dft, unserem Tatendrang und unserer\u2026\u00a0<a class=\"wp-block-latest-posts__read-more\" href=\"https:\/\/tannenberg-allee.de\/?p=1858\" rel=\"noopener noreferrer\"><span class=\"screen-reader-text\">03\/2025 <\/span>weiterlesen<\/a><\/div><\/li>\n<li><a class=\"wp-block-latest-posts__post-title\" href=\"https:\/\/tannenberg-allee.de\/?p=1839\">02\/2025<\/a><div class=\"wp-block-latest-posts__post-excerpt\">Liebe Gartenfreundinnen und Gartenfreunde, herzlich willkommen im Jahr 2025. Ich hoffe, ihr seid alle gesund und gut gelaunt hineingerutscht. Nun geht es wieder\u2026\u00a0<a class=\"wp-block-latest-posts__read-more\" href=\"https:\/\/tannenberg-allee.de\/?p=1839\" rel=\"noopener noreferrer\"><span class=\"screen-reader-text\">02\/2025 <\/span>weiterlesen<\/a><\/div><\/li>\n<li><a class=\"wp-block-latest-posts__post-title\" href=\"https:\/\/tannenberg-allee.de\/?p=1827\">12\/2024<\/a><div class=\"wp-block-latest-posts__post-excerpt\">Liebe Gartenfreundinnen und Gartenfreunde, ich weise an dieser Stelle noch einmal ausdr\u00fccklich auf die etwas unscheinbare, aber umso wichtigere Bekanntmachung des Bezirksverbandes auf\u2026\u00a0<a class=\"wp-block-latest-posts__read-more\" href=\"https:\/\/tannenberg-allee.de\/?p=1827\" rel=\"noopener noreferrer\"><span class=\"screen-reader-text\">12\/2024 <\/span>weiterlesen<\/a><\/div><\/li>\n<li><a class=\"wp-block-latest-posts__post-title\" href=\"https:\/\/tannenberg-allee.de\/?p=1803\">11\/2024<\/a><div class=\"wp-block-latest-posts__post-excerpt\">Liebe Gartenfreundinnen und Gartenfreunde, im November werden die Tage sp\u00fcrbar k\u00fcrzer und der Garten bereitet sich auf die Winterruhe vor. Wir k\u00f6nnen Tiere\u2026\u00a0<a class=\"wp-block-latest-posts__read-more\" href=\"https:\/\/tannenberg-allee.de\/?p=1803\" rel=\"noopener noreferrer\"><span class=\"screen-reader-text\">11\/2024 <\/span>weiterlesen<\/a><\/div><\/li>\n<li><a class=\"wp-block-latest-posts__post-title\" href=\"https:\/\/tannenberg-allee.de\/?p=1760\">10\/2024<\/a><div class=\"wp-block-latest-posts__post-excerpt\">Liebe Gartenfreundinnen und Gartenfreunde, die Zeit rennt, unser Gartenjahr ist fast vor\u00fcber und ich w\u00fcnsche allen eine noch sch\u00f6ne Zeit, aber vor allem\u2026\u00a0<a class=\"wp-block-latest-posts__read-more\" href=\"https:\/\/tannenberg-allee.de\/?p=1760\" rel=\"noopener noreferrer\"><span class=\"screen-reader-text\">10\/2024 <\/span>weiterlesen<\/a><\/div><\/li>\n<li><a class=\"wp-block-latest-posts__post-title\" href=\"https:\/\/tannenberg-allee.de\/?p=1737\">09\/2024<\/a><div class=\"wp-block-latest-posts__post-excerpt\">Liebe Gartenfreundinnen und Gartenfreunde, nun ist tats\u00e4chlich September, wir blicken zur\u00fcck und stellen fest, dass wir einen abwechslungsreichen Sommer hatten. Fangen wir mit\u2026\u00a0<a class=\"wp-block-latest-posts__read-more\" href=\"https:\/\/tannenberg-allee.de\/?p=1737\" rel=\"noopener noreferrer\"><span class=\"screen-reader-text\">09\/2024 <\/span>weiterlesen<\/a><\/div><\/li>\n<li><a class=\"wp-block-latest-posts__post-title\" href=\"https:\/\/tannenberg-allee.de\/?p=1715\">08\/2024<\/a><div class=\"wp-block-latest-posts__post-excerpt\">Liebe Gartenfreundinnen und Gartenfreunde, am Freitag, dem 06. September 2024, um 18.30 Uhr (Einlass ab 18.00 Uhr), findet die n\u00e4chste Jahreshauptversammlung des KGV\u2026\u00a0<a class=\"wp-block-latest-posts__read-more\" href=\"https:\/\/tannenberg-allee.de\/?p=1715\" rel=\"noopener noreferrer\"><span class=\"screen-reader-text\">08\/2024 <\/span>weiterlesen<\/a><\/div><\/li>\n<li><a class=\"wp-block-latest-posts__post-title\" href=\"https:\/\/tannenberg-allee.de\/?p=1697\">07\/2024<\/a><div class=\"wp-block-latest-posts__post-excerpt\">Liebe Gartenfreundinnen und Gartenfreude, der Juli verw\u00f6hnt uns in der Regel mit langen, warmen und sonnigen Tagen, die wir am liebsten in unserem\u2026\u00a0<a class=\"wp-block-latest-posts__read-more\" href=\"https:\/\/tannenberg-allee.de\/?p=1697\" rel=\"noopener noreferrer\"><span class=\"screen-reader-text\">07\/2024 <\/span>weiterlesen<\/a><\/div><\/li>\n<li><a class=\"wp-block-latest-posts__post-title\" href=\"https:\/\/tannenberg-allee.de\/?p=1668\">06\/2024<\/a><div class=\"wp-block-latest-posts__post-excerpt\">Liebe Gartenfreundinnen und Gartenfreunde, die Eisheiligen sind \u00fcberstanden und wir konnten die ersten Tage mit sommerlichen Temperaturen in unserem Garten genie\u00dfen. Im Moment\u2026\u00a0<a class=\"wp-block-latest-posts__read-more\" href=\"https:\/\/tannenberg-allee.de\/?p=1668\" rel=\"noopener noreferrer\"><span class=\"screen-reader-text\">06\/2024 <\/span>weiterlesen<\/a><\/div><\/li>\n<li><a class=\"wp-block-latest-posts__post-title\" href=\"https:\/\/tannenberg-allee.de\/?p=1603\">05\/2024<\/a><div class=\"wp-block-latest-posts__post-excerpt\">Liebe Gartenfreundinnen und Gartenfreunde, am Ostersamstag konnten wir endlich wieder nach vierj\u00e4hriger Pause ein Osterfeuer auf dem Parkplatz vor unserem Vereinshaus anz\u00fcnden. Wir\u2026\u00a0<a class=\"wp-block-latest-posts__read-more\" href=\"https:\/\/tannenberg-allee.de\/?p=1603\" rel=\"noopener noreferrer\"><span class=\"screen-reader-text\">05\/2024 <\/span>weiterlesen<\/a><\/div><\/li>\n<li><a class=\"wp-block-latest-posts__post-title\" href=\"https:\/\/tannenberg-allee.de\/?p=1571\">04\/2024<\/a><div class=\"wp-block-latest-posts__post-excerpt\">Liebe Gartenfreundinnen und Gartenfreunde, wie ich bereits in der Ausgabe 03\/2024 berichtete, werden im M\u00e4rz die Weichen f\u00fcr die Entwicklung des Gartens gestellt.\u2026\u00a0<a class=\"wp-block-latest-posts__read-more\" href=\"https:\/\/tannenberg-allee.de\/?p=1571\" rel=\"noopener noreferrer\"><span class=\"screen-reader-text\">04\/2024 <\/span>weiterlesen<\/a><\/div><\/li>\n<li><a class=\"wp-block-latest-posts__post-title\" href=\"https:\/\/tannenberg-allee.de\/?p=1539\">03\/2024<\/a><div class=\"wp-block-latest-posts__post-excerpt\">Liebe Gartenfreundinnen und Gartenfreunde, wir lesen gerade erst die Februarausgabe der Gartenzeitung und schon ist die M\u00e4rzausgabe da. Wir freuen uns auf den\u2026\u00a0<a class=\"wp-block-latest-posts__read-more\" href=\"https:\/\/tannenberg-allee.de\/?p=1539\" rel=\"noopener noreferrer\"><span class=\"screen-reader-text\">03\/2024 <\/span>weiterlesen<\/a><\/div><\/li>\n<li><a class=\"wp-block-latest-posts__post-title\" href=\"https:\/\/tannenberg-allee.de\/?p=1412\">02\/2024<\/a><div class=\"wp-block-latest-posts__post-excerpt\">Liebe Gartenfreundinnen und liebe Gartenfreunde, das Jahr 2023 hat sich mit einem traurigen Anlass f\u00fcr unseren Verein verabschiedet. Im Dezember 2023, kurz vor\u2026\u00a0<a class=\"wp-block-latest-posts__read-more\" href=\"https:\/\/tannenberg-allee.de\/?p=1412\" rel=\"noopener noreferrer\"><span class=\"screen-reader-text\">02\/2024 <\/span>weiterlesen<\/a><\/div><\/li>\n<li><a class=\"wp-block-latest-posts__post-title\" href=\"https:\/\/tannenberg-allee.de\/?p=1368\">01\/2024<\/a><div class=\"wp-block-latest-posts__post-excerpt\">Der Vorstand des KGV w\u00fcnscht allen Gartenp\u00e4chtern und Gartenp\u00e4chterinnen ein frohes und gesundes Gartenjahr 2024. Was in der Politik das sogenannte \u201eSommerloch\u201c ist,\u2026\u00a0<a class=\"wp-block-latest-posts__read-more\" href=\"https:\/\/tannenberg-allee.de\/?p=1368\" rel=\"noopener noreferrer\"><span class=\"screen-reader-text\">01\/2024 <\/span>weiterlesen<\/a><\/div><\/li>\n<li><a class=\"wp-block-latest-posts__post-title\" href=\"https:\/\/tannenberg-allee.de\/?p=1344\">12\/2023<\/a><div class=\"wp-block-latest-posts__post-excerpt\">Liebe Gartenfreundinnen und Gartenfreunde, inmitten von leuchtend bunten Geh\u00f6lzen, knallroten Beeren und dekorativen Fr\u00fcchten,\u00a0 fernab vom Verkehrsl\u00e4rm und Trubel befindet sich unsere Vereinsgastst\u00e4tte.\u2026\u00a0<a class=\"wp-block-latest-posts__read-more\" href=\"https:\/\/tannenberg-allee.de\/?p=1344\" rel=\"noopener noreferrer\"><span class=\"screen-reader-text\">12\/2023 <\/span>weiterlesen<\/a><\/div><\/li>\n<\/ul>\n\n\n<p><\/p>\n","protected":false},"excerpt":{"rendered":"","protected":false},"author":1,"featured_media":0,"parent":0,"menu_order":0,"comment_status":"closed","ping_status":"closed","template":"","meta":{"footnotes":""},"class_list":["post-551","page","type-page","status-publish","hentry"],"_links":{"self":[{"href":"https:\/\/tannenberg-allee.de\/index.php?rest_route=\/wp\/v2\/pages\/551","targetHints":{"allow":["GET"]}}],"collection":[{"href":"https:\/\/tannenberg-allee.de\/index.php?rest_route=\/wp\/v2\/pages"}],"about":[{"href":"https:\/\/tannenberg-allee.de\/index.php?rest_route=\/wp\/v2\/types\/page"}],"author":[{"embeddable":true,"href":"https:\/\/tannenberg-allee.de\/index.php?rest_route=\/wp\/v2\/users\/1"}],"replies":[{"embeddable":true,"href":"https:\/\/tannenberg-allee.de\/index.php?rest_route=%2Fwp%2Fv2%2Fcomments&post=551"}],"version-history":[{"count":4,"href":"https:\/\/tannenberg-allee.de\/index.php?rest_route=\/wp\/v2\/pages\/551\/revisions"}],"predecessor-version":[{"id":709,"href":"https:\/\/tannenberg-allee.de\/index.php?rest_route=\/wp\/v2\/pages\/551\/revisions\/709"}],"wp:attachment":[{"href":"https:\/\/tannenberg-allee.de\/index.php?rest_route=%2Fwp%2Fv2%2Fmedia&parent=551"}],"curies":[{"name":"wp","href":"https:\/\/api.w.org\/{rel}","templated":true}]}}