{"id":525,"date":"2020-10-19T19:52:05","date_gmt":"2020-10-19T17:52:05","guid":{"rendered":"https:\/\/tannenberg-allee.de\/?page_id=525"},"modified":"2020-10-19T19:52:05","modified_gmt":"2020-10-19T17:52:05","slug":"gartenbegehungen","status":"publish","type":"page","link":"https:\/\/tannenberg-allee.de\/?page_id=525","title":{"rendered":"Gartenbegehungen"},"content":{"rendered":"\n<p>Zur Information, welche Punkte bei einer Gartenbegehung \u00fcberpr\u00fcft werden, stellen wir <a href=\"https:\/\/tannenberg-allee.de\/wp-content\/uploads\/2020\/10\/BegProtokoll_NEU.pdf\" target=\"_blank\" rel=\"noreferrer noopener\">HIER <\/a>ein Begehungsprotokoll zur Verf\u00fcgung!<\/p>\n","protected":false},"excerpt":{"rendered":"<p>Zur Information, welche Punkte bei einer Gartenbegehung \u00fcberpr\u00fcft werden, stellen wir HIER ein Begehungsprotokoll zur Verf\u00fcgung!<\/p>\n","protected":false},"author":1,"featured_media":0,"parent":0,"menu_order":0,"comment_status":"closed","ping_status":"closed","template":"","meta":{"footnotes":""},"class_list":["post-525","page","type-page","status-publish","hentry"],"_links":{"self":[{"href":"https:\/\/tannenberg-allee.de\/index.php?rest_route=\/wp\/v2\/pages\/525","targetHints":{"allow":["GET"]}}],"collection":[{"href":"https:\/\/tannenberg-allee.de\/index.php?rest_route=\/wp\/v2\/pages"}],"about":[{"href":"https:\/\/tannenberg-allee.de\/index.php?rest_route=\/wp\/v2\/types\/page"}],"author":[{"embeddable":true,"href":"https:\/\/tannenberg-allee.de\/index.php?rest_route=\/wp\/v2\/users\/1"}],"replies":[{"embeddable":true,"href":"https:\/\/tannenberg-allee.de\/index.php?rest_route=%2Fwp%2Fv2%2Fcomments&post=525"}],"version-history":[{"count":1,"href":"https:\/\/tannenberg-allee.de\/index.php?rest_route=\/wp\/v2\/pages\/525\/revisions"}],"predecessor-version":[{"id":526,"href":"https:\/\/tannenberg-allee.de\/index.php?rest_route=\/wp\/v2\/pages\/525\/revisions\/526"}],"wp:attachment":[{"href":"https:\/\/tannenberg-allee.de\/index.php?rest_route=%2Fwp%2Fv2%2Fmedia&parent=525"}],"curies":[{"name":"wp","href":"https:\/\/api.w.org\/{rel}","templated":true}]}}