{"id":418,"date":"2020-04-30T22:50:41","date_gmt":"2020-04-30T20:50:41","guid":{"rendered":"https:\/\/tannenberg-allee.de\/?page_id=418"},"modified":"2025-10-11T16:06:13","modified_gmt":"2025-10-11T14:06:13","slug":"unser-garten-im-april","status":"publish","type":"page","link":"https:\/\/tannenberg-allee.de\/?page_id=418","title":{"rendered":"Unser Garten im April"},"content":{"rendered":"\n<p><strong>Gurken, Zucchini und K\u00fcrbisse vorziehen<\/strong><br>Ab Mitte April ist die richtige Zeit, Gurken und K\u00fcrbisse vorzuziehen, um sie dann im Mai ins Freiland zu pflanzen. Die Kerne sollten m\u00f6glichst einzeln in kleinen T\u00f6pfen oder auch Joghurtbechern (wichtig: den Boden durchbohren) ausges\u00e4t werden und auf der warmen Fensterbank \u00fcber der Heizung platziert werden. Diese Tropengem\u00fcse brauchen n\u00e4mlich eine m\u00f6glichst hohe Keimtemperatur von etwa 20 Grad Celsius. Im Freiland sollten Gurken und K\u00fcrbisse daher nie vor den Eisheiligen ausges\u00e4t werden. <br>Wenn ihr jedoch eure vorgezogenen Pflanzen mit der normalen Aussaat mischt, k\u00f6nnt ihr trotzdem besonders fr\u00fch und lange ernten. Alle K\u00fcrbisse geh\u00f6ren \u00fcbrigens zu den Starkzehrern und brauchen deshalb eine dementsprechende D\u00fcngung und viel Wasser. <br>Wer Probleme mit Schnecken hat, sollte jetzt beginnen, das Gem\u00fcse vorzuziehen. Vorgezogene Bohnen und Petersilie sind dem Schneckenfra\u00df z. B. viel besser gewachsen, als solche, die vor Ort ausges\u00e4t wurden. <br>Salat und Radieschen keimen und wachsen gut bei niedrigen Temperaturen; eignen sich also f\u00fcr zeitige Aussaaten. Auch vorgezogener Kohlrabi kann schon ins Freie.<br> <br><strong>Stauden vermehren<\/strong><br>Die meisten Stauden vertragen es gut, im Fr\u00fchjahr geteilt zu werden. Am besten teilt man die Stauden bei bew\u00f6lktem Himmel. In voller Sonne w\u00fcrden die Wurzeln schnell austrocknen und sich nur schwer erholen. Kann man sie nicht sofort wieder einpflanzen, werden sie in feuchtem Zeitungspapier eingeschlagen schattig gelagert. Manche Stauden haben ein feines Wurzelnetz und k\u00f6nnen nach dem Ausgraben mit den Fingern zerteilt werden. Andere haben dicke und z\u00e4he Wurzeln, diese m\u00fcssen mit einem Messer, teilweise auch mit dem Spaten zerteilt werden. <br><br><strong>Dahlienknollen<\/strong> <strong>setzen<\/strong><br>An einem sch\u00f6nen, warmen Apriltag k\u00f6nnen Sie die \u00fcberwinterten Knollen in einen n\u00e4hrstoffreichen Boden legen. Doch Vorsicht: Die jungen Triebe sind begehrtes Futter f\u00fcr Schnecken! Ein Vorziehen der Pflanzen in Eimern gibt ihnen gen\u00fcgend Vorsprung vor der kriechenden Plage. <br>Sonnenblumen sind auch an tr\u00fcben Tagen Lichtblicke im Garten. Damit Sie Ende April\/Anfang Mai kr\u00e4ftige Jungpflanzen in die Blumenbeete setzen k\u00f6nnen, sollten Sie bald Samen in T\u00f6pfe auss\u00e4en und am Fensterbrett vorziehen. Das gilt \u00fcbrigens f\u00fcr viele Sommerblumen.<br><br><strong>Tulpen<\/strong> <br>Die ersten fr\u00fchen Tulpen sind jetzt verbl\u00fcht. Es ist wichtig, die verwelkte Bl\u00fcte (nicht den Bl\u00fctenstiel und nicht die Bl\u00e4tter) zu entfernen. Die gr\u00fcnen Pflanzenteile m\u00fcssen geschont werden, denn die Zwiebeln k\u00f6nnen sich nur mit Hilfe der Bl\u00e4tter erholen, N\u00e4hrstoffe f\u00fcr die lange Ruhezeit speichern und die Knospenanlage f\u00fcr das n\u00e4chste Jahr bilden. Auch wenn wir Bl\u00fcten f\u00fcr die Vase schneiden, m\u00fcssen wir darauf achten, dass einige Bl\u00e4tter zur\u00fcckbleiben, denn sonst f\u00fcgen wir den Zwiebeln unn\u00f6tiger Weise betr\u00e4chtlichen Schaden zu. Damit man viele Jahre Freude an den Bl\u00fcten hat, empfiehlt sich nach der Bl\u00fcte die Einarbeitung von organischem D\u00fcnger rund um die Pflanze. Wenn die Bl\u00fchwilligkeit sehr stark abnimmt, sollte man die Tulpe nach dem kompletten Abwelken an einen anderen Standort einsetzen. Es kann sein, dass der Boden dann &#8222;tulpenm\u00fcde&#8220; ist.<br><br>Bei <strong>Pfirsichb\u00e4umen <\/strong>ist noch ein Erziehungs- und Auslichtungsschnitt m\u00f6glich. Kurz vor oder w\u00e4hrend der Bl\u00fcte sind die Fruchttriebe besser erkennbar. <br><strong>Beerenstr\u00e4ucher<\/strong> lassen sich im April gut vermehren. Dazu biegt man einzelne Triebe am Strauch herunter, bedeckt sie mit Erde und nimmt sie nach erfolgter Bewurzelung ab, um sie am neuen Standort auszupflanzen. <br>Auch f\u00fcr eine Neuanpflanzung ist jetzt noch Zeit. Ebenso bei Rosen, Kiwis oder Wein. <br><br><strong>W.-D. K.<\/strong> <strong>\/ S. J.<\/strong><\/p>\n","protected":false},"excerpt":{"rendered":"<p>Gurken, Zucchini und K\u00fcrbisse vorziehenAb Mitte April ist die richtige Zeit, Gurken und K\u00fcrbisse vorzuziehen, um sie dann im Mai ins Freiland zu pflanzen. Die Kerne sollten m\u00f6glichst einzeln in kleinen T\u00f6pfen oder auch Joghurtbechern (wichtig: den Boden durchbohren) ausges\u00e4t werden und auf der warmen Fensterbank \u00fcber der Heizung platziert werden. Diese Tropengem\u00fcse brauchen n\u00e4mlich [&hellip;]<\/p>\n","protected":false},"author":1,"featured_media":0,"parent":0,"menu_order":0,"comment_status":"closed","ping_status":"closed","template":"","meta":{"footnotes":""},"class_list":["post-418","page","type-page","status-publish","hentry"],"_links":{"self":[{"href":"https:\/\/tannenberg-allee.de\/index.php?rest_route=\/wp\/v2\/pages\/418","targetHints":{"allow":["GET"]}}],"collection":[{"href":"https:\/\/tannenberg-allee.de\/index.php?rest_route=\/wp\/v2\/pages"}],"about":[{"href":"https:\/\/tannenberg-allee.de\/index.php?rest_route=\/wp\/v2\/types\/page"}],"author":[{"embeddable":true,"href":"https:\/\/tannenberg-allee.de\/index.php?rest_route=\/wp\/v2\/users\/1"}],"replies":[{"embeddable":true,"href":"https:\/\/tannenberg-allee.de\/index.php?rest_route=%2Fwp%2Fv2%2Fcomments&post=418"}],"version-history":[{"count":8,"href":"https:\/\/tannenberg-allee.de\/index.php?rest_route=\/wp\/v2\/pages\/418\/revisions"}],"predecessor-version":[{"id":2159,"href":"https:\/\/tannenberg-allee.de\/index.php?rest_route=\/wp\/v2\/pages\/418\/revisions\/2159"}],"wp:attachment":[{"href":"https:\/\/tannenberg-allee.de\/index.php?rest_route=%2Fwp%2Fv2%2Fmedia&parent=418"}],"curies":[{"name":"wp","href":"https:\/\/api.w.org\/{rel}","templated":true}]}}