{"id":412,"date":"2020-04-30T22:42:51","date_gmt":"2020-04-30T20:42:51","guid":{"rendered":"https:\/\/tannenberg-allee.de\/?page_id=412"},"modified":"2025-10-08T00:05:50","modified_gmt":"2025-10-07T22:05:50","slug":"unser-garten-im-maerz","status":"publish","type":"page","link":"https:\/\/tannenberg-allee.de\/?page_id=412","title":{"rendered":"Unser Garten im M\u00e4rz"},"content":{"rendered":"\n<p><strong>Nistk\u00e4sten<\/strong>: Wer bisher noch keine Nistk\u00e4sten aufgeh\u00e4ngt hat, und dieses noch tun m\u00f6chte, sollte sie jetzt, deutlich vor dem Brutbeginn, raush\u00e4ngen. Am verbreitetsten sind die Nistk\u00e4sten f\u00fcr Meisen, doch gibt es auch eine Reihe andere Nistkasten-Modelle, die im Garten sinnvoll eingesetzt werden k\u00f6nnen (z. B. Halbh\u00f6hlen f\u00fcr die Rotschw\u00e4nze oder Fledermausk\u00e4sten). Beachten Sie bitte, dass die K\u00e4sten fest angebracht sind, damit sie im Wind nicht schaukeln. Man kann sie ein wenig nach vorne neigen um zu verhindern, dass Regen hineinl\u00e4uft. Die \u00d6ffnung sollte nach Osten oder S\u00fcdosten zeigen. In einem Garten von unter 500 m\u00b2 sollte nur ein Meisenkasten h\u00e4ngen, um unn\u00f6tige Konkurrenz zu verhindern. Alle Nistk\u00e4sten, die noch h\u00e4ngen, sollten Sie sp\u00e4testens jetzt s\u00e4ubern, weil sich in der Neststreu Milben aufhalten, manchmal liegt auch ein toter Vogel im Kasten, sollte man bei der Reinigung Kunststoff-Handschuhe tragen, um das \u00dcberkriechen von Parasiten und den Kontakt mit verendeten Tieren zu vermeiden. <\/p>\n\n\n\n<p>Kurz vor dem Austrieb ist noch ein guter Zeitpunkt, sommerbl\u00fchende <strong>Str\u00e4ucher <\/strong>wie Sommerflieder, Schneeballhortensie und F\u00fcnffingerstrauch zu schneiden. Fr\u00fchjahrsbl\u00fcher wie die Forsythie werden dagegen erst nach der Bl\u00fcte geschnitten, sonst schneiden Sie ihnen die bereits angelegten Bl\u00fctenknospen weg und wundern sich, warum die Str\u00e4ucher dieses Jahr nur sp\u00e4rlich bl\u00fchen! <\/p>\n\n\n\n<p><strong>Geh\u00f6lzpflege<\/strong>: Achten Sie bei vor l\u00e4ngerer Zeit gepflanzten Geh\u00f6lzen auf die Anbindestellen. Vergessene Stricke und Knoten w\u00fcrgen dem Baum oft den Lebensnerv ab! Zu enge Stricke werden gelockert und wenn n\u00f6tig neu gebunden. Ideal ist Kokosstrick oder spezielle Bindegurte.<\/p>\n\n\n\n<p>Bei normalem Witterungsverlauf k\u00f6nnen jetzt die <strong>Rosen <\/strong>abgeh\u00e4ufelt und geschnitten werden. F\u00fcr diese Arbeiten sind tr\u00fcbe, regnerische Tage am besten geeignet, damit die weichen Triebe der Rosen nicht gleich der vollen Sonnenbestrahlung ausgesetzt werden. Dadurch werden sie n\u00e4mlich sehr leicht gesch\u00e4digt. Nachdem der Erdmantel entfernt wurde, wird m\u00f6glichst gleich der Schnitt vorgenommen. Man k\u00fcrzt die kr\u00e4ftigsten Triebe auf drei bis vier (ca. 10-20 cm) Augen ein. Das letzte Auge sollte nach au\u00dfen stehen, damit der Strauch eine h\u00fcbsche, buschige Form bekommt. Sehr schwache Triebe werden v\u00f6llig entfernt.<\/p>\n\n\n\n<p>F\u00fcr die\nPflanzung von Rosen ist jetzt ebenfalls der Zeitpunkt sehr g\u00fcnstig. Sie werden\nauch jetzt im Fr\u00fchjahr nach erfolgter Pflanzung noch angeh\u00e4ufelt. Das ist sehr\nwichtig, denn der Erdmantel dient den jungen Rosen als Verdunstungsschutz. Die\ndurch das Verpflanzen besch\u00e4digten Wurzeln sind sonst nicht in der Lage, die\nTriebe ausreichend mit Wasser zu versorgen. Im Fr\u00fchlingswind an sonnigen Tagen\nverdunsten die Triebe n\u00e4mlich sehr viel Feuchtigkeit.<\/p>\n\n\n\n<p><strong>Reinigung<\/strong>: Desinfizieren Sie die Rankhilfen des Vorjahres f\u00fcr Bohnen, Gurken und Tomaten, damit \u00fcberwinternde Krankheitserreger abget\u00f6tet werden.<\/p>\n\n\n\n<p><strong>Steckzwiebeln setzen<\/strong><\/p>\n\n\n\n<p>Speisezwiebeln\nsind eines der weltweit wichtigsten W\u00fcrzgem\u00fcse mit einem pikanten, kaum durch\nein anderes Gem\u00fcse zu ersetzendem Geschmack. Und sie sind \u00e4u\u00dferst gesund, denn\nsie enthalten Apfel- und Zitronens\u00e4ure. Den typischen Geschmack erzeugen aber\nauch Senf\u00f6le und organische Schwefelverbindungen. <\/p>\n\n\n\n<p>Im\nHausgarten werden in der Regel im Vorjahr gezogene Steckzwiebeln gesetzt, am\nbesten in der Zeit von Mitte M\u00e4rz bis Ende April. Sie werden so in die Erde\ngesteckt, dass ein Drittel noch herausragt, die Erde wird dabei kr\u00e4ftig\nangedr\u00fcckt. Bew\u00e4hrt haben sich Abst\u00e4nde von 5 Zentimetern in der Reihe und 20\nZentimetern zwischen den Reihen. G\u00fcnstig sind humose Lehmb\u00f6den mit gutem\nN\u00e4hrstoffgehalt in voller Sonne. <\/p>\n\n\n\n<p>Leider\nneigen Steckzwiebeln gelegentlich zum Schossen (Bl\u00fchen), was sich aber dadurch\nvermindern l\u00e4sst, dass die Steckzwiebeln zuvor f\u00fcr etwa zwei Wochen bei 25 bis\n28 Grad Celsius getrocknet (\u201egedarrt\u201c) werden, etwa im warmen Heizungskeller oder\nauf einem Heizk\u00f6rper. Beim Kauf sollte au\u00dferdem auf sehr kleine Setzzwiebeln\ngeachtet werden, denn gro\u00dfe schossen und bl\u00fchen viel eher. Beim Anbau ist eine\nweite Fruchtfolge von etwa f\u00fcnf Jahren einzuhalten, sonst drohen u.a. Sch\u00e4den\ndurch Wurzel\u00e4lchen (Nematoden). <\/p>\n\n\n\n<p>Die Pflege\nbesteht lediglich aus der Beseitigung von Unkraut und dem W\u00e4ssern bei\nanhaltender Trockenheit. Geerntet werden Zwiebeln je nach Sorte von August bis\nSeptember. Erntereif sind sie, wenn \u00fcber die H\u00e4lfte des Laubes abgestorben ist.\nDas Niedertreten des Laubes, wie es gelegentlich zur Verfr\u00fchung der Reife\nempfohlen wird, sch\u00e4digt nur die Zwiebeln und macht sie deutlich weniger\nlagerf\u00e4hig. Ernten sollte man an einem trockenen, warmen Tag. Am besten breitet\nman anschlie\u00dfend die Zwiebeln zum Abtrocknen an einem trockenen und luftigen\nOrt aus.<\/p>\n\n\n\n<p>Sp\u00e4testens jetzt sollten Sie <strong>Fr\u00fchkartoffeln <\/strong>vorkeimen. Legen Sie die Knollen daf\u00fcr auf etwas Sand oder Erde in eine flache Kiste \u2013 manche nehmen daf\u00fcr auch Eierpappen \u2013 und stellen Sie diese anschlie\u00dfend an einen hellen und ca. 12 bis 15 \u00b0C warmen Platz. Nach etwa sechs Wochen sollten die Knollen genug Triebe haben, sodass sie, sofern die Bodentemperatur \u00fcber 5 \u00b0C liegt, ins Beet gepflanzt werden k\u00f6nnen.<\/p>\n\n\n\n<p>K\u00f6nnen Sie es kaum noch erwarten, den ersten <strong>Rhabarber <\/strong>des Jahres zu essen, dann verlagern Sie doch mit einem einfachen Trick den Erntebeginn ein St\u00fcck nach vorne. Sie m\u00fcssen daf\u00fcr lediglich eine Art \u201eMini-Gew\u00e4chshaus\u201c \u00fcber der Pflanze konstruieren. Das geht schon mit einer stabilen Drahtkonstruktion und einem St\u00fcck durchsichtiger Plastikfolie. Dadurch entsteht eine Temperaturerh\u00f6hung um die Pflanze, und das Wachstum wird angekurbelt. Besonders mild wird Rhabarber, wenn Sie ihn unter Lichtabschluss vortreiben, denn dadurch wird die Einlagerung der Oxals\u00e4ure reduziert.<\/p>\n\n\n\n<p><strong>Rasenfl\u00e4chen in Gem\u00fcsegarten umwandeln<\/strong><\/p>\n\n\n\n<p>Wenn Sie\neine Rasenfl\u00e4che in einen Gem\u00fcsegarten verwandeln wollen, sollten Sie die\nRasensoden abstechen, sonst fressen Drahtw\u00fcrmer an den Gem\u00fcsepflanzen. Tipp:\nKompostieren Sie die Grassoden auf einem eigenen Haufen und streuen Sie\nGesteinsmehl zwischen die einzelnen Schichten. <\/p>\n\n\n\n<p>F\u00fcr die Planung der Gem\u00fcsebeete habe ich hier noch einige hilfreiche Tipps als PDF Datei: <a rel=\"noreferrer noopener\" aria-label=\" (\u00f6ffnet in neuem Tab)\" href=\"https:\/\/tannenberg-allee.de\/wp-content\/uploads\/2020\/03\/Beipflanzungen-u-gute-Nachbarn-1.pdf\" target=\"_blank\">Tipps \u00fcber gute und schlechte Nachbarn<\/a>.<br><br><strong>W.-D. K.<\/strong><\/p>\n","protected":false},"excerpt":{"rendered":"<p>Nistk\u00e4sten: Wer bisher noch keine Nistk\u00e4sten aufgeh\u00e4ngt hat, und dieses noch tun m\u00f6chte, sollte sie jetzt, deutlich vor dem Brutbeginn, raush\u00e4ngen. Am verbreitetsten sind die Nistk\u00e4sten f\u00fcr Meisen, doch gibt es auch eine Reihe andere Nistkasten-Modelle, die im Garten sinnvoll eingesetzt werden k\u00f6nnen (z. B. Halbh\u00f6hlen f\u00fcr die Rotschw\u00e4nze oder Fledermausk\u00e4sten). Beachten Sie bitte, dass [&hellip;]<\/p>\n","protected":false},"author":1,"featured_media":0,"parent":0,"menu_order":0,"comment_status":"closed","ping_status":"closed","template":"","meta":{"footnotes":""},"class_list":["post-412","page","type-page","status-publish","hentry"],"_links":{"self":[{"href":"https:\/\/tannenberg-allee.de\/index.php?rest_route=\/wp\/v2\/pages\/412","targetHints":{"allow":["GET"]}}],"collection":[{"href":"https:\/\/tannenberg-allee.de\/index.php?rest_route=\/wp\/v2\/pages"}],"about":[{"href":"https:\/\/tannenberg-allee.de\/index.php?rest_route=\/wp\/v2\/types\/page"}],"author":[{"embeddable":true,"href":"https:\/\/tannenberg-allee.de\/index.php?rest_route=\/wp\/v2\/users\/1"}],"replies":[{"embeddable":true,"href":"https:\/\/tannenberg-allee.de\/index.php?rest_route=%2Fwp%2Fv2%2Fcomments&post=412"}],"version-history":[{"count":2,"href":"https:\/\/tannenberg-allee.de\/index.php?rest_route=\/wp\/v2\/pages\/412\/revisions"}],"predecessor-version":[{"id":1943,"href":"https:\/\/tannenberg-allee.de\/index.php?rest_route=\/wp\/v2\/pages\/412\/revisions\/1943"}],"wp:attachment":[{"href":"https:\/\/tannenberg-allee.de\/index.php?rest_route=%2Fwp%2Fv2%2Fmedia&parent=412"}],"curies":[{"name":"wp","href":"https:\/\/api.w.org\/{rel}","templated":true}]}}