{"id":336,"date":"2020-03-25T10:18:03","date_gmt":"2020-03-25T09:18:03","guid":{"rendered":"http:\/\/test.tannenberg-allee.de\/?page_id=336"},"modified":"2025-10-10T10:54:29","modified_gmt":"2025-10-10T08:54:29","slug":"unterlagen-downloads","status":"publish","type":"page","link":"https:\/\/tannenberg-allee.de\/?page_id=336","title":{"rendered":"Downloads"},"content":{"rendered":"\n<p><strong>Satzung KGV Tannenberg-Allee e. V.<\/strong><br><a href=\"https:\/\/tannenberg-allee.de\/wp-content\/uploads\/2020\/03\/Satzung-KGV-Tannenberg-Allee.pdf\" target=\"_blank\" rel=\"noreferrer noopener\" aria-label=\" (\u00f6ffnet in neuem Tab)\">PDF-Download<\/a><\/p>\n\n\n\n<p><strong>Gartenordnung<\/strong> (<strong>15.08.2024<\/strong>)<br><a href=\"https:\/\/tannenberg-allee.de\/wp-content\/uploads\/2024\/10\/Gartenordnung_15_08_2024.pdf\">PDF-Download<\/a><\/p>\n\n\n\n<p><strong>Ihre Daten haben sich ge\u00e4ndert?<\/strong><br><a href=\"https:\/\/tannenberg-allee.de\/wp-content\/uploads\/2020\/09\/Aenderungsformular.pdf\" target=\"_blank\" rel=\"noreferrer noopener\">Vordruck Daten\u00e4nderung<\/a> (Ausf\u00fcllbare PDF-Datei)<\/p>\n\n\n\n<p><strong>Zahlen Sie bequem per Lastschrift<\/strong><br><a rel=\"noreferrer noopener\" aria-label=\" (\u00f6ffnet in neuem Tab)\" href=\"https:\/\/tannenberg-allee.de\/wp-content\/uploads\/2020\/03\/KGV_TBA_SEPA_MANDAT.pdf\" target=\"_blank\">Vordruck SEPA-Mandat<\/a> (Ausf\u00fcllbare PDF-Datei)<\/p>\n\n\n\n<p><strong>Einzelpachtvertrag (12.09.2023)<\/strong><br><a href=\"https:\/\/tannenberg-allee.de\/wp-content\/uploads\/2024\/10\/Pachtvertrag-12_2023.pdf\">PDF-Dokument<\/a><\/p>\n\n\n\n<p><strong>Bundeskleingartengesetz<\/strong><br><a href=\"https:\/\/www.gesetze-im-internet.de\/bkleingg\/BJNR002100983.html\" target=\"_blank\" rel=\"noreferrer noopener\" aria-label=\" (\u00f6ffnet in neuem Tab)\">Ext. Link<\/a><\/p>\n\n\n\n<p><strong>Richtlinie f\u00fcr die Errichtung von baulichen Anlagen in Kleingartenanlagen der Landeshauptstadt Hannover<\/strong> (<strong>15.08.2024<\/strong>)<br><a href=\"\/\/tannenberg-allee.de\/wp-content\/uploads\/2024\/10\/Baurichtlinie-15_08_2024-1.pdf\" target=\"_blank\" rel=\"noreferrer noopener\">PDF-Download<\/a><\/p>\n\n\n\n<p><strong>Richtlinie zur Ermittlung des Wertes einen Kleingartens bei P\u00e4chterwechsel (Bewertungsrichtline)<\/strong><br><a href=\"https:\/\/tannenberg-allee.de\/wp-content\/uploads\/2020\/03\/BewertungsrichtlinieKleing\u00e4rten01.10.13.pdf\" target=\"_blank\" rel=\"noreferrer noopener\" aria-label=\" (\u00f6ffnet in neuem Tab)\">PDF-Download<\/a><\/p>\n\n\n\n<hr class=\"wp-block-separator has-css-opacity\"\/>\n\n\n\n<p><\/p>\n","protected":false},"excerpt":{"rendered":"<p>Satzung KGV Tannenberg-Allee e. V.PDF-Download Gartenordnung (15.08.2024)PDF-Download Ihre Daten haben sich ge\u00e4ndert?Vordruck Daten\u00e4nderung (Ausf\u00fcllbare PDF-Datei) Zahlen Sie bequem per LastschriftVordruck SEPA-Mandat (Ausf\u00fcllbare PDF-Datei) Einzelpachtvertrag (12.09.2023)PDF-Dokument BundeskleingartengesetzExt. Link Richtlinie f\u00fcr die Errichtung von baulichen Anlagen in Kleingartenanlagen der Landeshauptstadt Hannover (15.08.2024)PDF-Download Richtlinie zur Ermittlung des Wertes einen Kleingartens bei P\u00e4chterwechsel (Bewertungsrichtline)PDF-Download<\/p>\n","protected":false},"author":1,"featured_media":0,"parent":0,"menu_order":0,"comment_status":"closed","ping_status":"closed","template":"","meta":{"footnotes":""},"class_list":["post-336","page","type-page","status-publish","hentry"],"_links":{"self":[{"href":"https:\/\/tannenberg-allee.de\/index.php?rest_route=\/wp\/v2\/pages\/336","targetHints":{"allow":["GET"]}}],"collection":[{"href":"https:\/\/tannenberg-allee.de\/index.php?rest_route=\/wp\/v2\/pages"}],"about":[{"href":"https:\/\/tannenberg-allee.de\/index.php?rest_route=\/wp\/v2\/types\/page"}],"author":[{"embeddable":true,"href":"https:\/\/tannenberg-allee.de\/index.php?rest_route=\/wp\/v2\/users\/1"}],"replies":[{"embeddable":true,"href":"https:\/\/tannenberg-allee.de\/index.php?rest_route=%2Fwp%2Fv2%2Fcomments&post=336"}],"version-history":[{"count":24,"href":"https:\/\/tannenberg-allee.de\/index.php?rest_route=\/wp\/v2\/pages\/336\/revisions"}],"predecessor-version":[{"id":2137,"href":"https:\/\/tannenberg-allee.de\/index.php?rest_route=\/wp\/v2\/pages\/336\/revisions\/2137"}],"wp:attachment":[{"href":"https:\/\/tannenberg-allee.de\/index.php?rest_route=%2Fwp%2Fv2%2Fmedia&parent=336"}],"curies":[{"name":"wp","href":"https:\/\/api.w.org\/{rel}","templated":true}]}}