{"id":29,"date":"2020-02-21T23:09:46","date_gmt":"2020-02-21T22:09:46","guid":{"rendered":"http:\/\/test.tannenberg-allee.de\/?page_id=29"},"modified":"2025-02-16T10:59:22","modified_gmt":"2025-02-16T09:59:22","slug":"versicherung","status":"publish","type":"page","link":"https:\/\/tannenberg-allee.de\/?page_id=29","title":{"rendered":"Versicherung"},"content":{"rendered":"\n<p style=\"font-size:20px\"><strong>Informationen zum neuen Versicherungsrahmenvertrag&#8230;<\/strong><\/p>\n\n\n\n<p>&#8230; und Merkbl\u00e4tter finden Sie &#8211; in mehreren Sprachen &#8211; auf der Seite des <a rel=\"noreferrer noopener\" aria-label=\" (\u00f6ffnet in neuem Tab)\" href=\"https:\/\/www.bezirksverband-hannover.de\/versicherung\/neuer-rahmenvertrag\/\" target=\"_blank\">Bezirksverbandes Hannover der Kleing\u00e4rtner e. V.<\/a><\/p>\n\n\n\n<p><strong>Wichtige Hinweise f\u00fcr die Bearbeitung des Schadens:<\/strong><\/p>\n\n\n\n<p>1. Polizeiinspektion Ost Welfenplatz anrufen (0511-109 2720)<\/p>\n\n\n\n<p>2. Nichts am Schadensort ver\u00e4ndern<\/p>\n\n\n\n<p>3. Schadenstag notieren<\/p>\n\n\n\n<p>4. Vorgangsnummer bei der Polizei erfragen<\/p>\n\n\n\n<p><strong>Bitte die Schadensanzeige gem\u00e4\u00df Vorgaben vollst\u00e4ndig ausf\u00fcllen!<\/strong><\/p>\n\n\n\n<p>1. Fertigung von 1 bis max. 5 aussagekr\u00e4ftigen Fotos vom besch\u00e4digten Bauteil. Versand per E-Mail an Versicherung (versicherung@kleingaertner-hannover.de) m\u00f6glich. Die Versicherung hat keinen Zugriff auf Fotos der Polizei.<\/p>\n\n\n\n<p>2. F\u00fcr R\u00fccksprachen und Terminierungen mit dem Handwerker ist m\u00f6glichst eine Mobilfunknummer anzugeben.<\/p>\n\n\n\n<p>3. Die Anschaffungsrechnungen der entwendeten Gegenst\u00e4nde sind beizuf\u00fcgen. Falls nicht vorhanden: Begr\u00fcndung erforderlich.<\/p>\n\n\n\n<p>4. Reparaturen nur nach vorheriger Freigabe eines Kostenvoranschlages durch den Versicherungsdienst f\u00fcr Kleing\u00e4rtner Hannover.<\/p>\n\n\n\n<p>5. Reparatur-Ausf\u00fchrungsvarianten:<\/p>\n\n\n\n<p>a) Wird die Reparatur selbst behoben, erstattet die Versicherung die Materialkosten nach Vorlage von Belegen (auch Eigenbelege werden akzeptiert) und 12,00 \u20ac Arbeitsstunde,<\/p>\n\n\n\n<p>b) falls nicht, erfolgt Vermittlung und Beauftragung der gelisteten Handwerker durch den Versicherungsdienst f\u00fcr Kleing\u00e4rtner Hannover.<\/p>\n\n\n\n<p>c) In Ausnahmef\u00e4llen kann nach vorheriger Abstimmung und Vorlage einer Kostensch\u00e4tzung mit dem Versicherungsdienst f\u00fcr Kleing\u00e4rtner ein externer Handwerker beauftragt werden.<\/p>\n\n\n\n<p>6. Die Abrechnung mit der ausf\u00fchrenden Reparaturfirma kann direkt \u00fcber die Versicherung erfolgen. Erforderlich ist hierf\u00fcr lediglich eine Abtretungserkl\u00e4rung des Versicherungsnehmers an die ausf\u00fchrende Reparaturfirma (Formulare h\u00e4lt der Handwerker vor).<\/p>\n\n\n\n<p>7. F\u00fcr Entsch\u00e4digungszahlungen bitte Ihre IBAN-Nummer eintragen.<\/p>\n\n\n\n<p>Zur Vermeidung von Komplikationen bei der Bearbeitung ist es erforderlich, die Schadensanzeige \u00fcber den jeweiligen Obmann des Vereins oder direkt im B\u00fcro des Versicherungsdienstes f\u00fcr Kleing\u00e4rtner Hannover einzureichen.<\/p>\n\n\n\n<p><strong>Ansprechpartner und Kontaktdaten VAV-Versicherungsdienst f\u00fcr Kleing\u00e4rtner<\/strong>:<\/p>\n\n\n\n<p>Otto Plonka, Sigrun Kr\u00fcger<\/p>\n\n\n\n<p>Gottfried-Keller-Str. 28<\/p>\n\n\n\n<p>30655 Hannover <\/p>\n\n\n\n<p>Telefon: 0511 \/ 23 54 58-60 (Dienstag u. Donnerstag von 09:00 bis 13:00 Uhr)<em><br><\/em><br>Email: <a href=\"mailto:versicherung@kleingaertner-hannover.de\">versicherung@kleingaertner-hannover.de<\/a><\/p>\n\n\n\n<div class=\"wp-block-columns is-layout-flex wp-container-core-columns-is-layout-9d6595d7 wp-block-columns-is-layout-flex\">\n<div class=\"wp-block-column is-layout-flow wp-block-column-is-layout-flow\">\n<figure class=\"wp-block-image size-large\"><img loading=\"lazy\" decoding=\"async\" width=\"743\" height=\"1024\" src=\"https:\/\/tannenberg-allee.de\/wp-content\/uploads\/2025\/02\/Versicherung-743x1024.jpg\" alt=\"\" class=\"wp-image-1848\" srcset=\"https:\/\/tannenberg-allee.de\/wp-content\/uploads\/2025\/02\/Versicherung-743x1024.jpg 743w, https:\/\/tannenberg-allee.de\/wp-content\/uploads\/2025\/02\/Versicherung-218x300.jpg 218w, https:\/\/tannenberg-allee.de\/wp-content\/uploads\/2025\/02\/Versicherung-768x1058.jpg 768w, https:\/\/tannenberg-allee.de\/wp-content\/uploads\/2025\/02\/Versicherung-1115x1536.jpg 1115w, https:\/\/tannenberg-allee.de\/wp-content\/uploads\/2025\/02\/Versicherung-1487x2048.jpg 1487w, https:\/\/tannenberg-allee.de\/wp-content\/uploads\/2025\/02\/Versicherung-900x1240.jpg 900w, https:\/\/tannenberg-allee.de\/wp-content\/uploads\/2025\/02\/Versicherung-1280x1763.jpg 1280w, https:\/\/tannenberg-allee.de\/wp-content\/uploads\/2025\/02\/Versicherung-348x480.jpg 348w, https:\/\/tannenberg-allee.de\/wp-content\/uploads\/2025\/02\/Versicherung-scaled.jpg 1859w\" sizes=\"auto, (max-width: 743px) 100vw, 743px\" \/><\/figure>\n<\/div>\n<\/div>\n","protected":false},"excerpt":{"rendered":"<p>Informationen zum neuen Versicherungsrahmenvertrag&#8230; &#8230; und Merkbl\u00e4tter finden Sie &#8211; in mehreren Sprachen &#8211; auf der Seite des Bezirksverbandes Hannover der Kleing\u00e4rtner e. V. Wichtige Hinweise f\u00fcr die Bearbeitung des Schadens: 1. Polizeiinspektion Ost Welfenplatz anrufen (0511-109 2720) 2. Nichts am Schadensort ver\u00e4ndern 3. Schadenstag notieren 4. Vorgangsnummer bei der Polizei erfragen Bitte die Schadensanzeige [&hellip;]<\/p>\n","protected":false},"author":1,"featured_media":0,"parent":0,"menu_order":0,"comment_status":"closed","ping_status":"closed","template":"","meta":{"footnotes":""},"class_list":["post-29","page","type-page","status-publish","hentry"],"_links":{"self":[{"href":"https:\/\/tannenberg-allee.de\/index.php?rest_route=\/wp\/v2\/pages\/29","targetHints":{"allow":["GET"]}}],"collection":[{"href":"https:\/\/tannenberg-allee.de\/index.php?rest_route=\/wp\/v2\/pages"}],"about":[{"href":"https:\/\/tannenberg-allee.de\/index.php?rest_route=\/wp\/v2\/types\/page"}],"author":[{"embeddable":true,"href":"https:\/\/tannenberg-allee.de\/index.php?rest_route=\/wp\/v2\/users\/1"}],"replies":[{"embeddable":true,"href":"https:\/\/tannenberg-allee.de\/index.php?rest_route=%2Fwp%2Fv2%2Fcomments&post=29"}],"version-history":[{"count":14,"href":"https:\/\/tannenberg-allee.de\/index.php?rest_route=\/wp\/v2\/pages\/29\/revisions"}],"predecessor-version":[{"id":1856,"href":"https:\/\/tannenberg-allee.de\/index.php?rest_route=\/wp\/v2\/pages\/29\/revisions\/1856"}],"wp:attachment":[{"href":"https:\/\/tannenberg-allee.de\/index.php?rest_route=%2Fwp%2Fv2%2Fmedia&parent=29"}],"curies":[{"name":"wp","href":"https:\/\/api.w.org\/{rel}","templated":true}]}}