{"id":249,"date":"2020-03-23T21:31:03","date_gmt":"2020-03-23T20:31:03","guid":{"rendered":"http:\/\/test.tannenberg-allee.de\/?page_id=249"},"modified":"2023-09-26T20:08:46","modified_gmt":"2023-09-26T18:08:46","slug":"impressum","status":"publish","type":"page","link":"https:\/\/tannenberg-allee.de\/?page_id=249","title":{"rendered":"Impressum"},"content":{"rendered":"\n<p>Verantwortlicher Anbieter dieses Internetauftritts im datenschutzrechtlichen Sinne ist: <br>KLEING\u00c4RTNERVEREIN TANNENBERG-ALLEE E. V.<br>Lister Damm 42 <br>30163 Hannover<br>Deutschland <br>Tel.: 0511-4731115 <br><br>E-Mail: <a href=\"mailto:post@tannenberg-allee.de\">post@tannenberg-allee.de<\/a><\/p>\n\n\n\n<p>Amtsgericht Hannover <br>Vereinsregister VR 2317 <br>1. Vorsitzender: Lothar Schaaf<\/p>\n\n\n\n<p>Datenschutzhinweise <br>Sofern Sie per E-Mail oder www-Formular mit uns in Kontakt treten, werden die dabei von Ihnen angegebenen Daten zur Bearbeitung Ihrer Anfrage genutzt. Die Angabe der Daten ist zur Bearbeitung und Beantwortung Ihre Anfrage erforderlich &#8211; ohne deren Bereitstellung k\u00f6nnen wir Ihre Anfrage nicht oder allenfalls eingeschr\u00e4nkt beantworten. <br>Wir werden Ihre Daten grunds\u00e4tzlich nicht an Dritte weitergeben. <br>Rechtsgrundlage f\u00fcr diese Verarbeitung ist Art. 6 Abs. 1 lit. b) DSGVO. <br>Ihre Daten werden gel\u00f6scht, sofern Ihre Anfrage abschlie\u00dfend beantwortet worden ist und der L\u00f6schung keine gesetzlichen Aufbewahrungspflichten entgegenstehen. <\/p>\n\n\n\n<p><strong>Urheberrechtshinweise <\/strong><\/p>\n\n\n\n<p>Die Inhalte dieser Website sind durch uns urheberrechtlich gesch\u00fctzt. Alle Rechte daran behalten wir uns vor. <br>&nbsp;<br><strong>Haftungsausschluss <\/strong><\/p>\n\n\n\n<p>Die Informationen auf dieser Website verstehen sich als &#8222;Aussagen an sich&#8220; ohne implizite Garantien jedweder Art. Die bereitgestellten Informationen auf dieser Website wurden sorgf\u00e4ltig gepr\u00fcft und werden regelm\u00e4\u00dfig aktualisiert. Jedoch kann keine Garantie daf\u00fcr \u00fcbernommen werden, dass alle Angaben zu jeder Zeit vollst\u00e4ndig, richtig und in letzter Aktualit\u00e4t dargestellt sind. Alle Angaben k\u00f6nnen ohne vorherige Ank\u00fcndigung erg\u00e4nzt, entfernt oder ge\u00e4ndert werden. Alle auf dieser Website genannten Produktnamen, Produktbezeichnungen und Logos sind eingetragene Warenzeichen und Eigentum der jeweiligen Rechteinhaber.<br>Au\u00dferdem liegt es nicht in unserer Verantwortung, Vorsichtsma\u00dfnahmen zu ergreifen gegen destruktive Programme oder Programmteile wie Viren, Worms, Trojanische Pferde o. \u00e4., die auf Webservern liegen, die m\u00f6glicherweise durch Links von unserer Website aus erreicht werden. <\/p>\n","protected":false},"excerpt":{"rendered":"<p>Verantwortlicher Anbieter dieses Internetauftritts im datenschutzrechtlichen Sinne ist: KLEING\u00c4RTNERVEREIN TANNENBERG-ALLEE E. V.Lister Damm 42 30163 HannoverDeutschland Tel.: 0511-4731115 E-Mail: post@tannenberg-allee.de Amtsgericht Hannover Vereinsregister VR 2317 1. Vorsitzender: Lothar Schaaf Datenschutzhinweise Sofern Sie per E-Mail oder www-Formular mit uns in Kontakt treten, werden die dabei von Ihnen angegebenen Daten zur Bearbeitung Ihrer Anfrage genutzt. Die Angabe [&hellip;]<\/p>\n","protected":false},"author":1,"featured_media":0,"parent":0,"menu_order":0,"comment_status":"closed","ping_status":"closed","template":"","meta":{"footnotes":""},"class_list":["post-249","page","type-page","status-publish","hentry"],"_links":{"self":[{"href":"https:\/\/tannenberg-allee.de\/index.php?rest_route=\/wp\/v2\/pages\/249","targetHints":{"allow":["GET"]}}],"collection":[{"href":"https:\/\/tannenberg-allee.de\/index.php?rest_route=\/wp\/v2\/pages"}],"about":[{"href":"https:\/\/tannenberg-allee.de\/index.php?rest_route=\/wp\/v2\/types\/page"}],"author":[{"embeddable":true,"href":"https:\/\/tannenberg-allee.de\/index.php?rest_route=\/wp\/v2\/users\/1"}],"replies":[{"embeddable":true,"href":"https:\/\/tannenberg-allee.de\/index.php?rest_route=%2Fwp%2Fv2%2Fcomments&post=249"}],"version-history":[{"count":4,"href":"https:\/\/tannenberg-allee.de\/index.php?rest_route=\/wp\/v2\/pages\/249\/revisions"}],"predecessor-version":[{"id":1047,"href":"https:\/\/tannenberg-allee.de\/index.php?rest_route=\/wp\/v2\/pages\/249\/revisions\/1047"}],"wp:attachment":[{"href":"https:\/\/tannenberg-allee.de\/index.php?rest_route=%2Fwp%2Fv2%2Fmedia&parent=249"}],"curies":[{"name":"wp","href":"https:\/\/api.w.org\/{rel}","templated":true}]}}