{"id":2262,"date":"2026-02-02T17:03:45","date_gmt":"2026-02-02T16:03:45","guid":{"rendered":"https:\/\/tannenberg-allee.de\/?page_id=2262"},"modified":"2026-03-09T05:58:36","modified_gmt":"2026-03-09T04:58:36","slug":"boden-und-kompost","status":"publish","type":"page","link":"https:\/\/tannenberg-allee.de\/?page_id=2262","title":{"rendered":"Boden, Kompost und D\u00fcngung"},"content":{"rendered":"\n<p>Boden wird gem. Bodenschutzkonzeption der Bundesregierung verstanden als &#8222;das mit Wasser, Luft und Lebewesen durchsetzte, unter dem Einfluss der Umweltfaktoren an der Erdoberfl\u00e4che entstandene und im Laufe der Zeit sich weiterentwickelnde Umwandlungsprodukt mineralischer und organischer Substanzen mit eigener morphologischer Organisation, das in der Lage ist, h\u00f6heren Pflanzen als Standort zu dienen.&#8220;<\/p>\n\n\n\n<p>Als Grundlage f\u00fcr das Wachstum und die Pflanzengesundheit in unseren G\u00e4rten kommt dem Boden eine zentrale Bedeutung zu. In den oberen Schichten leben eine Vielzahl an Bodenlebewesen und Mikroorganismen, die das grobe organische Material zerkleinern und f\u00fcr unsere Pflanzen verf\u00fcgbar machen. Da wir in unseren Kolonien \u00fcberwiegend sandigen Boden haben, der Wasser kaum halten kann, empfiehlt sich die j\u00e4hrliche Einarbeitung von &#8211; am besten selbst hergestelltem &#8211; Kompost im Fr\u00fchjahr (ca. 1 cm). \u00dcber die Jahre kann so eine deutliche Verbesserung der Bodenqualit\u00e4t erreicht werden. <\/p>\n\n\n\n<p>Grunds\u00e4tzlich sollte ein Boden nie &#8222;offen&#8220; sein, um sowohl das Austrocknen als auch die Erosion von Boden zu vermeiden. Im Idealfall ist der Boden mit einer dichten Pflanzenschicht bewachsen oder die Fl\u00e4chen zwischen Stauden und anderen Pflanzen sind gemulcht. Als Mulchmaterialien haben sich f\u00fcr Gem\u00fcse- und Zierpflanzenbeete verschiedene Materialien bew\u00e4hrt. <a href=\"https:\/\/www.lwk-niedersachsen.de\/services\/download.cfm?file=41916\">https:\/\/www.lwk-niedersachsen.de\/services\/download.cfm?file=41916<\/a><\/p>\n\n\n\n<p><\/p>\n","protected":false},"excerpt":{"rendered":"<p>Boden wird gem. Bodenschutzkonzeption der Bundesregierung verstanden als &#8222;das mit Wasser, Luft und Lebewesen durchsetzte, unter dem Einfluss der Umweltfaktoren an der Erdoberfl\u00e4che entstandene und im Laufe der Zeit sich weiterentwickelnde Umwandlungsprodukt mineralischer und organischer Substanzen mit eigener morphologischer Organisation, das in der Lage ist, h\u00f6heren Pflanzen als Standort zu dienen.&#8220; Als Grundlage f\u00fcr das [&hellip;]<\/p>\n","protected":false},"author":145,"featured_media":0,"parent":0,"menu_order":0,"comment_status":"closed","ping_status":"closed","template":"","meta":{"footnotes":""},"class_list":["post-2262","page","type-page","status-publish","hentry"],"_links":{"self":[{"href":"https:\/\/tannenberg-allee.de\/index.php?rest_route=\/wp\/v2\/pages\/2262","targetHints":{"allow":["GET"]}}],"collection":[{"href":"https:\/\/tannenberg-allee.de\/index.php?rest_route=\/wp\/v2\/pages"}],"about":[{"href":"https:\/\/tannenberg-allee.de\/index.php?rest_route=\/wp\/v2\/types\/page"}],"author":[{"embeddable":true,"href":"https:\/\/tannenberg-allee.de\/index.php?rest_route=\/wp\/v2\/users\/145"}],"replies":[{"embeddable":true,"href":"https:\/\/tannenberg-allee.de\/index.php?rest_route=%2Fwp%2Fv2%2Fcomments&post=2262"}],"version-history":[{"count":3,"href":"https:\/\/tannenberg-allee.de\/index.php?rest_route=\/wp\/v2\/pages\/2262\/revisions"}],"predecessor-version":[{"id":2313,"href":"https:\/\/tannenberg-allee.de\/index.php?rest_route=\/wp\/v2\/pages\/2262\/revisions\/2313"}],"wp:attachment":[{"href":"https:\/\/tannenberg-allee.de\/index.php?rest_route=%2Fwp%2Fv2%2Fmedia&parent=2262"}],"curies":[{"name":"wp","href":"https:\/\/api.w.org\/{rel}","templated":true}]}}