{"id":218,"date":"2020-03-23T19:47:15","date_gmt":"2020-03-23T18:47:15","guid":{"rendered":"http:\/\/test.tannenberg-allee.de\/?page_id=218"},"modified":"2026-04-28T18:57:15","modified_gmt":"2026-04-28T16:57:15","slug":"beratung","status":"publish","type":"page","link":"https:\/\/tannenberg-allee.de\/?page_id=218","title":{"rendered":"Fachberatung"},"content":{"rendered":"\n<p class=\"has-text-align-center\"><strong>Herzlich willkommen auf den Seiten der Fachberatung des <\/strong><br><strong>KGV Tannenberg-Allee e.V.!<\/strong><\/p>\n\n\n\n<figure class=\"wp-block-image size-large\"><img loading=\"lazy\" decoding=\"async\" width=\"1024\" height=\"768\" src=\"https:\/\/tannenberg-allee.de\/wp-content\/uploads\/2025\/10\/IMG_4129-1024x768.jpeg\" alt=\"\" class=\"wp-image-2092\" srcset=\"https:\/\/tannenberg-allee.de\/wp-content\/uploads\/2025\/10\/IMG_4129-1024x768.jpeg 1024w, https:\/\/tannenberg-allee.de\/wp-content\/uploads\/2025\/10\/IMG_4129-300x225.jpeg 300w, https:\/\/tannenberg-allee.de\/wp-content\/uploads\/2025\/10\/IMG_4129-768x576.jpeg 768w, https:\/\/tannenberg-allee.de\/wp-content\/uploads\/2025\/10\/IMG_4129-1536x1152.jpeg 1536w, https:\/\/tannenberg-allee.de\/wp-content\/uploads\/2025\/10\/IMG_4129-2048x1536.jpeg 2048w, https:\/\/tannenberg-allee.de\/wp-content\/uploads\/2025\/10\/IMG_4129-900x675.jpeg 900w, https:\/\/tannenberg-allee.de\/wp-content\/uploads\/2025\/10\/IMG_4129-1280x960.jpeg 1280w, https:\/\/tannenberg-allee.de\/wp-content\/uploads\/2025\/10\/IMG_4129-640x480.jpeg 640w\" sizes=\"auto, (max-width: 1024px) 100vw, 1024px\" \/><figcaption class=\"wp-element-caption\">Foto: S. Johnen<\/figcaption><\/figure>\n\n\n\n<p>Hier findest du hilfreiche Gartentipps rund ums Jahr, Kurzinfos zu ausgew\u00e4hlten Themen und Hinweise auf Fachvortr\u00e4ge und Veranstaltungen. Es lohnt sich, immer mal wieder vorbeizuschauen.<br>Solltest du dar\u00fcber hinausgehende Fragen, Themenw\u00fcnsche f\u00fcr diese Seite oder Beratungsbedarf mit Blick auf g\u00e4rtnerische oder kleingartenrechtliche Themen haben, meld&#8216; dich gern unter:<\/p>\n\n\n\n<p class=\"has-text-align-center\"><strong>fachberatung@tannenberg-allee.de<\/strong><\/p>\n\n\n\n<p>Die Fachberatung erfolgt ehrenamtlich und ist f\u00fcr alle Vereinsmitglieder kostenlos.<\/p>\n\n\n\n<hr class=\"wp-block-separator has-alpha-channel-opacity\"\/>\n\n\n\n<p class=\"has-accent-color has-text-color has-link-color wp-elements-942e6a603c9413bab4dca9ede608c79f\"><strong>Gartentipps rund ums Jahr<\/strong><\/p>\n\n\n\n<p>Wir haben f\u00fcr euch ein paar praktische Tipps rund ums G\u00e4rtnern zusammengestellt und nach Monaten sortiert. Schaut gern regelm\u00e4\u00dfig vorbei, da diese fortlaufend aktualisiert werden.<\/p>\n\n\n\n<p><strong>Unser Garten&#8230;<\/strong><br>&#8211; <a href=\"https:\/\/tannenberg-allee.de\/?page_id=447\" target=\"_blank\" rel=\"noreferrer noopener\">im Mai<\/a><br><a href=\"https:\/\/tannenberg-allee.de\/?page_id=418\" target=\"_blank\" rel=\"noreferrer noopener\">&#8211; im April<\/a><br><a href=\"https:\/\/tannenberg-allee.de\/?page_id=412\" target=\"_blank\" rel=\"noreferrer noopener\">&#8211; im M\u00e4rz<\/a><br><a href=\"https:\/\/tannenberg-allee.de\/?page_id=579\" data-type=\"link\" data-id=\"https:\/\/tannenberg-allee.de\/?page_id=579\" target=\"_blank\" rel=\"noreferrer noopener\">&#8211; im Februar<\/a><br><a href=\"https:\/\/tannenberg-allee.de\/?page_id=2004\" data-type=\"link\" data-id=\"https:\/\/tannenberg-allee.de\/?page_id=2004\" target=\"_blank\" rel=\"noreferrer noopener\">&#8211; im Januar<\/a><br><a href=\"https:\/\/tannenberg-allee.de\/?page_id=2057\" data-type=\"link\" data-id=\"https:\/\/tannenberg-allee.de\/?page_id=2057\" target=\"_blank\" rel=\"noreferrer noopener\">&#8211; im Dezember<\/a><br><a href=\"https:\/\/tannenberg-allee.de\/?page_id=2150\" target=\"_blank\" rel=\"noreferrer noopener\">&#8211; im November<\/a><br><a href=\"https:\/\/tannenberg-allee.de\/?page_id=532\" data-type=\"page\" data-id=\"532\" target=\"_blank\" rel=\"noreferrer noopener\">&#8211; im Oktober<\/a><br><a href=\"https:\/\/tannenberg-allee.de\/?page_id=517\" data-type=\"page\" data-id=\"517\" target=\"_blank\" rel=\"noreferrer noopener\">&#8211; im September<\/a><br><a href=\"https:\/\/tannenberg-allee.de\/?page_id=2015\" data-type=\"link\" data-id=\"https:\/\/tannenberg-allee.de\/?page_id=2015\" target=\"_blank\" rel=\"noreferrer noopener\">&#8211; im August<\/a><br><a href=\"https:\/\/tannenberg-allee.de\/?page_id=493\" data-type=\"page\" data-id=\"493\" target=\"_blank\" rel=\"noreferrer noopener\">&#8211; im Juli<\/a><br><a href=\"https:\/\/tannenberg-allee.de\/?page_id=484\" target=\"_blank\" rel=\"noreferrer noopener\">&#8211; im Juni<\/a><br><\/p>\n\n\n\n<p><\/p>\n\n\n\n<p><\/p>\n\n\n\n<hr class=\"wp-block-separator has-alpha-channel-opacity\"\/>\n\n\n\n<p class=\"has-accent-color has-text-color has-link-color wp-elements-788924dded345cc7b0892c7d1d3d172a\"><strong>Kurzinfos zu ausgew\u00e4hlten Themen<\/strong><\/p>\n\n\n\n<p>Zu ausgew\u00e4hlten Themen stelle ich nach und nach Kurzinfos zusammen. Die Themen wurden entweder im Rahmen der Fachberatung besonders h\u00e4ufig nachgefragt oder sind von grundlegender Bedeutung f\u00fcr ein nachhaltiges G\u00e4rtnern. Mit Klick auf das jeweilige Thema kommt ihr auf die entsprechende Informationsseite. Viel Spa\u00df beim St\u00f6bern w\u00fcnscht Silke!<\/p>\n\n\n\n<ul class=\"wp-block-list\">\n<li><a href=\"https:\/\/tannenberg-allee.de\/?page_id=2227\" data-type=\"page\" data-id=\"2227\">B\u00e4ume und Str\u00e4ucher<\/a><\/li>\n\n\n\n<li>Pflanzenkrankheiten<\/li>\n\n\n\n<li><a href=\"https:\/\/tannenberg-allee.de\/?page_id=2262\" data-type=\"page\" data-id=\"2262\">Boden, Kompost und D\u00fcngung<\/a><\/li>\n\n\n\n<li>&#8230;<\/li>\n<\/ul>\n\n\n\n<hr class=\"wp-block-separator has-alpha-channel-opacity\"\/>\n\n\n\n<p class=\"has-accent-color has-text-color has-link-color wp-elements-2c31b5a9dfdaf0dd77aaa81a80182641\"><strong>SAVE THE DATE: N\u00e4chste Veranstaltungen der Fachberatung<\/strong><\/p>\n\n\n\n<p>Montag, 11. Mai 2026, 19:00 bis 20:00 Uhr<br><strong>Boden, Kompost, D\u00fcngung (Online-Vortrag)<\/strong><br>Als Kleing\u00e4rtnerinnen und Kleing\u00e4rtner tragen wir aktiv zum Erhalt der Bodengesundheit bei. Doch was versteht man unter &#8222;sachgerechter Bodenbearbeitung&#8220; und wie, wann und womit d\u00fcngt man am besten? Der Vortrag vermittelt die Basics und gibt Tipps zur praktischen Umsetzung im eigenen Garten.<br><em>Hinweis: <\/em>Den Link zur Online-Veranstaltung erhaltet ihr nach der Anmeldung. Bitte schreibt dazu eine Mail mit Angabe der Kolonie und Gartennummer an fachberatung@tannenberg-allee.de.<\/p>\n\n\n\n<p>Samstag, 30. Mai 2026, ca. 9:00 bis 16:00 Uhr<br><strong>In Bad Nenndorf bl\u00fcht Vielfalt &#8211; Besuch der Landesgartenschau<\/strong><br>Wir besuchen die LaGa in Bad Nenndorf und entdecken gemeinsam die Parklandschaft, die 11 Themeng\u00e4rten und andere g\u00e4rtnerische Highlights.<br>Wer Lust hat, zusammen mit der Regionalbahn nach Bad Nenndorf zu fahren und das Gel\u00e4nde gemeinsam zu erkunden, meldet sich bitte bis zum 23.05. unter fachberatung@tannenberg-allee.de verbindlich an (bitte auch angeben, ob ihr eine Fahrkarte ben\u00f6tigt, damit ggf. Gruppentickets vorab gekauft werden k\u00f6nnen).<\/p>\n\n\n\n<p>Samstag, 19. September 2026, 15:00 bis 16:30 Uhr<br><strong>Die G\u00e4rten S\u00fcdenglands &#8211; Reisebericht von einer Gartenrundreise<\/strong><br>Wer sich f\u00fcr englische Gartengestaltung und -kultur interessiert, Katrin Iskam oder Monty Don auf Social Media folgt, die Gardeners Question Time liebt oder auch britische Scones nicht verschm\u00e4ht, ist hier genau richtig. Wir zelebrieren die englische Gartenkultur und erleben gemeinsam eine Fotoreise durch S\u00fcdengland. Warm welcome!<\/p>\n\n\n\n<p>Samstag, 10. Oktober 2026, 15:00-16:30 Uhr<br><strong>Naturnahe Gartengestaltung mit Struktur<\/strong><br>In diesem Termin m\u00f6chte ich euch die Bedeutung und Vorteile einer naturnahen Gartengestaltung und -pflege erl\u00e4utern. Welche Rolle k\u00f6nnen und sollten unsere G\u00e4rten f\u00fcr den Erhalt der urbanen Arten- und Biotopvielfalt spielen? Wie kann ich meinen Garten gestalten, damit er naturnah und pflegeleicht ist, aber auch den Vorgaben aus Bundeskleingartengesetz und Co. entspricht? Wir gehen ein auf die Themen integrierter Pflanzenschutz, Bodengesundheit sowie Lebensr\u00e4ume, Strukturen und Nahrung f\u00fcr verschiedene Tierarten. Au\u00dferdem m\u00f6chte ich euch Wildgeh\u00f6lze und Wildstauden vorstellen, die einen hohen \u00f6kologischen Wert f\u00fcr Wildbienen- und Vogelarten haben.<\/p>\n\n\n\n<p><strong>Wichtig: Bitte meldet euch vor der Veranstaltung per E-Mail mit eurem Namen, eurer Kolonie und Gartennummer unter <\/strong><a href=\"mailto:fachberatung@tannenberg-allee.de\"><strong>fachberatung@tannenberg-allee.de<\/strong><\/a><strong> an, damit wir besser planen k\u00f6nnen. Vielen Dank! Die Vortr\u00e4ge finden in der Regel in der Vereinsgastst\u00e4tte des KGV Tannenberg-Allee, Lister Damm 42, statt. <\/strong><\/p>\n\n\n\n<hr class=\"wp-block-separator has-alpha-channel-opacity\"\/>\n\n\n\n<p class=\"has-accent-color has-text-color has-link-color wp-elements-22715cece4bb0a5241aa96f7885ff694\"><strong>Veranstaltungsr\u00fcckblicke<\/strong><\/p>\n\n\n\n<p>Alles rund um das Thema <strong>Gem\u00fcseanbau und Selbstversorgung <\/strong>stand beim 2. Vortrag der Vereinsfachberaterin am 7. M\u00e4rz 2026 im Fokus. Knapp 20 P\u00e4chterinnen und P\u00e4chtern kamen zur Veranstaltung, um sich \u00fcber neueste Erkenntnisse und Erfahrungen auszutauschen. In dem einst\u00fcndigen Vortrag der Fachberaterin wurden folgende Themen behandelt:<\/p>\n\n\n\n<ul class=\"wp-block-list\">\n<li>Beetgr\u00f6\u00dfe und -art<\/li>\n\n\n\n<li>Anbauplanung Schritt f\u00fcr Schritt<\/li>\n\n\n\n<li>Mischkultur &#8211; Gute und schlechte Beetnachbarn<\/li>\n\n\n\n<li>Fruchtfolge<\/li>\n\n\n\n<li>Aussaat und Vorkultur<\/li>\n\n\n\n<li>Ernte und Vorratshaltung<\/li>\n<\/ul>\n\n\n\n<p><\/p>\n\n\n\n<p>Zum Abschluss gab es dann noch ein kleines Give-Away: Bio-Pflanzkartoffeln aus der Heide, die nun bei 15\u00b0C auf der Fensterbank vorkeimen und dann bei frostfreiem Wetter Anfang\/Mitte April in den Boden gesetzt werden k\u00f6nnen.<\/p>\n\n\n\n<figure class=\"wp-block-gallery has-nested-images columns-default is-cropped wp-block-gallery-1 is-layout-flex wp-block-gallery-is-layout-flex\">\n<figure class=\"wp-block-image size-large\"><img loading=\"lazy\" decoding=\"async\" width=\"768\" height=\"1024\" data-id=\"2295\" src=\"https:\/\/tannenberg-allee.de\/wp-content\/uploads\/2026\/03\/IMG_6741-1-768x1024.jpeg\" alt=\"\" class=\"wp-image-2295\" srcset=\"https:\/\/tannenberg-allee.de\/wp-content\/uploads\/2026\/03\/IMG_6741-1-768x1024.jpeg 768w, https:\/\/tannenberg-allee.de\/wp-content\/uploads\/2026\/03\/IMG_6741-1-225x300.jpeg 225w, https:\/\/tannenberg-allee.de\/wp-content\/uploads\/2026\/03\/IMG_6741-1-1152x1536.jpeg 1152w, https:\/\/tannenberg-allee.de\/wp-content\/uploads\/2026\/03\/IMG_6741-1-1536x2048.jpeg 1536w, https:\/\/tannenberg-allee.de\/wp-content\/uploads\/2026\/03\/IMG_6741-1-900x1200.jpeg 900w, https:\/\/tannenberg-allee.de\/wp-content\/uploads\/2026\/03\/IMG_6741-1-1280x1707.jpeg 1280w, https:\/\/tannenberg-allee.de\/wp-content\/uploads\/2026\/03\/IMG_6741-1-360x480.jpeg 360w, https:\/\/tannenberg-allee.de\/wp-content\/uploads\/2026\/03\/IMG_6741-1-scaled.jpeg 1920w\" sizes=\"auto, (max-width: 768px) 100vw, 768px\" \/><figcaption class=\"wp-element-caption\">Foto: S. Johnen<\/figcaption><\/figure>\n\n\n\n<figure class=\"wp-block-image size-large\"><img loading=\"lazy\" decoding=\"async\" width=\"768\" height=\"1024\" data-id=\"2289\" src=\"https:\/\/tannenberg-allee.de\/wp-content\/uploads\/2026\/03\/Bild-07.03.26-um-11.43-1-768x1024.png\" alt=\"\" class=\"wp-image-2289\" srcset=\"https:\/\/tannenberg-allee.de\/wp-content\/uploads\/2026\/03\/Bild-07.03.26-um-11.43-1-768x1024.png 768w, https:\/\/tannenberg-allee.de\/wp-content\/uploads\/2026\/03\/Bild-07.03.26-um-11.43-1-225x300.png 225w, https:\/\/tannenberg-allee.de\/wp-content\/uploads\/2026\/03\/Bild-07.03.26-um-11.43-1-1152x1536.png 1152w, https:\/\/tannenberg-allee.de\/wp-content\/uploads\/2026\/03\/Bild-07.03.26-um-11.43-1-1536x2048.png 1536w, https:\/\/tannenberg-allee.de\/wp-content\/uploads\/2026\/03\/Bild-07.03.26-um-11.43-1-900x1200.png 900w, https:\/\/tannenberg-allee.de\/wp-content\/uploads\/2026\/03\/Bild-07.03.26-um-11.43-1-1280x1707.png 1280w, https:\/\/tannenberg-allee.de\/wp-content\/uploads\/2026\/03\/Bild-07.03.26-um-11.43-1-360x480.png 360w, https:\/\/tannenberg-allee.de\/wp-content\/uploads\/2026\/03\/Bild-07.03.26-um-11.43-1-scaled.png 1920w\" sizes=\"auto, (max-width: 768px) 100vw, 768px\" \/><figcaption class=\"wp-element-caption\">Foto: S. Johnen<\/figcaption><\/figure>\n\n\n\n<figure class=\"wp-block-image size-large\"><img loading=\"lazy\" decoding=\"async\" width=\"1024\" height=\"804\" data-id=\"2296\" src=\"https:\/\/tannenberg-allee.de\/wp-content\/uploads\/2026\/03\/IMG_6740-1-1024x804.jpeg\" alt=\"\" class=\"wp-image-2296\" srcset=\"https:\/\/tannenberg-allee.de\/wp-content\/uploads\/2026\/03\/IMG_6740-1-1024x804.jpeg 1024w, https:\/\/tannenberg-allee.de\/wp-content\/uploads\/2026\/03\/IMG_6740-1-300x236.jpeg 300w, https:\/\/tannenberg-allee.de\/wp-content\/uploads\/2026\/03\/IMG_6740-1-768x603.jpeg 768w, https:\/\/tannenberg-allee.de\/wp-content\/uploads\/2026\/03\/IMG_6740-1-1536x1206.jpeg 1536w, https:\/\/tannenberg-allee.de\/wp-content\/uploads\/2026\/03\/IMG_6740-1-2048x1608.jpeg 2048w, https:\/\/tannenberg-allee.de\/wp-content\/uploads\/2026\/03\/IMG_6740-1-900x707.jpeg 900w, https:\/\/tannenberg-allee.de\/wp-content\/uploads\/2026\/03\/IMG_6740-1-1280x1005.jpeg 1280w, https:\/\/tannenberg-allee.de\/wp-content\/uploads\/2026\/03\/IMG_6740-1-611x480.jpeg 611w\" sizes=\"auto, (max-width: 1024px) 100vw, 1024px\" \/><figcaption class=\"wp-element-caption\">Foto: S. Johnen<\/figcaption><\/figure>\n<\/figure>\n\n\n\n<hr class=\"wp-block-separator has-alpha-channel-opacity\"\/>\n\n\n\n<p>Am 7. Februar 2026 fand die erste Veranstaltung der Vereinsfachberatung statt. Inhaltlich ging es um das Thema <strong>Beetgestaltung und -pflege<\/strong>. 12 P\u00e4chterinnen und P\u00e4chter hatten sich trotz schlechtem Wetter in der Vereinsgastst\u00e4tte eingefunden. In einem einst\u00fcndigen Vortrag wurden folgende Aspekte n\u00e4her beleuchtet:<\/p>\n\n\n\n<ul class=\"wp-block-list\">\n<li>Grundlagen der Gestaltung<\/li>\n\n\n\n<li>Planung von Staudenbeeten<\/li>\n\n\n\n<li>Pflege von Staudenbeeten<\/li>\n\n\n\n<li>Gute Pflanzpaare und Special-Interest-Stauden<\/li>\n\n\n\n<li>Stauden selbst vermehren<\/li>\n<\/ul>\n\n\n\n<p>Dar\u00fcber hinaus gab es f\u00fcr jeden Teilnehmenden ein Handout sowie Literatur- und Internettipps. Wer Zeit und Lust hatte, konnte zudem direkt vor Ort einen Blick in verschiedene Staudenb\u00fccher werfen und sich inspirieren lassen.<\/p>\n\n\n\n<figure class=\"wp-block-gallery has-nested-images columns-default is-cropped wp-block-gallery-2 is-layout-flex wp-block-gallery-is-layout-flex\">\n<figure class=\"wp-block-image size-large\"><img loading=\"lazy\" decoding=\"async\" width=\"1024\" height=\"768\" data-id=\"2278\" src=\"https:\/\/tannenberg-allee.de\/wp-content\/uploads\/2026\/02\/IMG_6372-1-1024x768.jpeg\" alt=\"\" class=\"wp-image-2278\" srcset=\"https:\/\/tannenberg-allee.de\/wp-content\/uploads\/2026\/02\/IMG_6372-1-1024x768.jpeg 1024w, https:\/\/tannenberg-allee.de\/wp-content\/uploads\/2026\/02\/IMG_6372-1-300x225.jpeg 300w, https:\/\/tannenberg-allee.de\/wp-content\/uploads\/2026\/02\/IMG_6372-1-768x576.jpeg 768w, https:\/\/tannenberg-allee.de\/wp-content\/uploads\/2026\/02\/IMG_6372-1-1536x1152.jpeg 1536w, https:\/\/tannenberg-allee.de\/wp-content\/uploads\/2026\/02\/IMG_6372-1-2048x1536.jpeg 2048w, https:\/\/tannenberg-allee.de\/wp-content\/uploads\/2026\/02\/IMG_6372-1-900x675.jpeg 900w, https:\/\/tannenberg-allee.de\/wp-content\/uploads\/2026\/02\/IMG_6372-1-1280x960.jpeg 1280w, https:\/\/tannenberg-allee.de\/wp-content\/uploads\/2026\/02\/IMG_6372-1-640x480.jpeg 640w\" sizes=\"auto, (max-width: 1024px) 100vw, 1024px\" \/><figcaption class=\"wp-element-caption\">Foto: S. Johnen<\/figcaption><\/figure>\n\n\n\n<figure class=\"wp-block-image size-large\"><img loading=\"lazy\" decoding=\"async\" width=\"1024\" height=\"722\" data-id=\"2277\" src=\"https:\/\/tannenberg-allee.de\/wp-content\/uploads\/2026\/02\/IMG_6373-1024x722.jpeg\" alt=\"\" class=\"wp-image-2277\" srcset=\"https:\/\/tannenberg-allee.de\/wp-content\/uploads\/2026\/02\/IMG_6373-1024x722.jpeg 1024w, https:\/\/tannenberg-allee.de\/wp-content\/uploads\/2026\/02\/IMG_6373-300x212.jpeg 300w, https:\/\/tannenberg-allee.de\/wp-content\/uploads\/2026\/02\/IMG_6373-768x542.jpeg 768w, https:\/\/tannenberg-allee.de\/wp-content\/uploads\/2026\/02\/IMG_6373-1536x1083.jpeg 1536w, https:\/\/tannenberg-allee.de\/wp-content\/uploads\/2026\/02\/IMG_6373-2048x1444.jpeg 2048w, https:\/\/tannenberg-allee.de\/wp-content\/uploads\/2026\/02\/IMG_6373-900x635.jpeg 900w, https:\/\/tannenberg-allee.de\/wp-content\/uploads\/2026\/02\/IMG_6373-1280x903.jpeg 1280w, https:\/\/tannenberg-allee.de\/wp-content\/uploads\/2026\/02\/IMG_6373-640x451.jpeg 640w\" sizes=\"auto, (max-width: 1024px) 100vw, 1024px\" \/><figcaption class=\"wp-element-caption\">Foto: S. Johnen<\/figcaption><\/figure>\n<\/figure>\n\n\n\n<hr class=\"wp-block-separator has-alpha-channel-opacity\"\/>\n\n\n\n<p class=\"has-accent-color has-text-color has-link-color wp-elements-4c55a6ecf3190b979ea6239ba15d6219\"><\/p>\n\n\n\n<p><\/p>\n\n\n\n<p><\/p>\n","protected":false},"excerpt":{"rendered":"<p>Herzlich willkommen auf den Seiten der Fachberatung des KGV Tannenberg-Allee e.V.! Hier findest du hilfreiche Gartentipps rund ums Jahr, Kurzinfos zu ausgew\u00e4hlten Themen und Hinweise auf Fachvortr\u00e4ge und Veranstaltungen. Es lohnt sich, immer mal wieder vorbeizuschauen.Solltest du dar\u00fcber hinausgehende Fragen, Themenw\u00fcnsche f\u00fcr diese Seite oder Beratungsbedarf mit Blick auf g\u00e4rtnerische oder kleingartenrechtliche Themen haben, meld&#8216; [&hellip;]<\/p>\n","protected":false},"author":1,"featured_media":0,"parent":0,"menu_order":0,"comment_status":"closed","ping_status":"closed","template":"","meta":{"footnotes":""},"class_list":["post-218","page","type-page","status-publish","hentry"],"_links":{"self":[{"href":"https:\/\/tannenberg-allee.de\/index.php?rest_route=\/wp\/v2\/pages\/218","targetHints":{"allow":["GET"]}}],"collection":[{"href":"https:\/\/tannenberg-allee.de\/index.php?rest_route=\/wp\/v2\/pages"}],"about":[{"href":"https:\/\/tannenberg-allee.de\/index.php?rest_route=\/wp\/v2\/types\/page"}],"author":[{"embeddable":true,"href":"https:\/\/tannenberg-allee.de\/index.php?rest_route=\/wp\/v2\/users\/1"}],"replies":[{"embeddable":true,"href":"https:\/\/tannenberg-allee.de\/index.php?rest_route=%2Fwp%2Fv2%2Fcomments&post=218"}],"version-history":[{"count":98,"href":"https:\/\/tannenberg-allee.de\/index.php?rest_route=\/wp\/v2\/pages\/218\/revisions"}],"predecessor-version":[{"id":2336,"href":"https:\/\/tannenberg-allee.de\/index.php?rest_route=\/wp\/v2\/pages\/218\/revisions\/2336"}],"wp:attachment":[{"href":"https:\/\/tannenberg-allee.de\/index.php?rest_route=%2Fwp%2Fv2%2Fmedia&parent=218"}],"curies":[{"name":"wp","href":"https:\/\/api.w.org\/{rel}","templated":true}]}}