{"id":2057,"date":"2025-10-08T18:17:53","date_gmt":"2025-10-08T16:17:53","guid":{"rendered":"https:\/\/tannenberg-allee.de\/?page_id=2057"},"modified":"2025-10-11T14:51:20","modified_gmt":"2025-10-11T12:51:20","slug":"unser-garten-im-dezember","status":"publish","type":"page","link":"https:\/\/tannenberg-allee.de\/?page_id=2057","title":{"rendered":"Unser Garten im Dezember"},"content":{"rendered":"\n<p><strong>V\u00f6gel f\u00fcttern<\/strong><br>Sp\u00e4testens bei Dauerfrost und geschlossener Schneedecke ist die Zeit zum Zuf\u00fcttern der V\u00f6gel gekommen. Dabei sollten wir das Futter morgens oder abends regelm\u00e4\u00dfig anbieten, damit die V\u00f6gel sich vor oder nach einer kalten Nacht satt fressen k\u00f6nnen. Bei <strong><em>Vogelh\u00e4uschen<\/em><\/strong> sollte man nur solche Modelle nutzen, in denen die V\u00f6gel nicht reinfliegen\/-gehen k\u00f6nnen. Kot und damit Keime verunreinigen dort leicht das Futter. Dadurch k\u00f6nnen Salmonellen von einem Vogel zum anderen wandern, so dass der Treffpunkt Vogelhaus zum Herd f\u00fcr Durchfall-Epidemien wird. Tote V\u00f6gel lassen Salmonellenverdacht aufkommen. Dann muss das H\u00e4uschen unbedingt gr\u00fcndlich desinfiziert werden.<br><strong>Vogelfutter<\/strong> gibt es fertig zu kaufen. Aber auch unsere ungebeizten Samenreste, Getreidek\u00f6rner, Haferflocken und zerkleinerte K\u00fcrbiskerne m\u00f6gen die kleinen G\u00e4ste gern. Eine besondere Delikatesse sind Sonnenblumenkerne. Rotkehlchen, Drosseln und Zaunk\u00f6nige bevorzugen dagegen Weichfutter.<br><br><strong>Frostempfindliche Pflanzen sch\u00fctzen<\/strong><br>Frostempfindliche Gew\u00e4chse wie Beetrosen sollten mit lockerem Substrat angeh\u00e4ufelt und eventuell abgedeckt werden. Hochstamm- und Kletterrosen sind besonders schutzbed\u00fcrftig. Bedecken Sie die Pflanzen mit Fichtenzweigen oder \u00e4hnlichem Material. Die oberen Pflanzenteile k\u00f6nnen zus\u00e4tzlich mit Jutes\u00e4cken umwickelt werden. Verwendet aber bitte niemals Plastikfolie: Hitzestaus und Triebf\u00e4ulnis im Innern dieser winterlichen &#8222;Gew\u00e4chsh\u00e4user&#8220; schw\u00e4chen die Rose, Sch\u00e4den durch Nachtfrost werden provoziert. <\/p>\n\n\n\n<p><strong>Immergr\u00fcne Geh\u00f6lze und K\u00fcbelpflanzen bei Bedarf w\u00e4ssern<\/strong><br>\u00dcber die Frage, ob <strong><em>immergr\u00fcne Geh\u00f6lze im Winter gegossen werden<\/em><\/strong> sollen oder nicht, streiten sich die Expert*innen seit Ewigkeiten. Wie so viele Fragen beim G\u00e4rtnern kann man auch diese nicht mit einem schlichten &#8222;ja&#8220; oder &#8222;nein&#8220; beantworten. Es kommt immer auf die individuelle Situation an. Die Erfahrung hat gelehrt, dass Wintersch\u00e4den an allen immergr\u00fcnen Geh\u00f6lzen selten auf Frost zur\u00fcckzuf\u00fchren sind. Erheblich h\u00e4ufiger sind sie die Folge von Trockenheit. Deshalb sind winterliche Wassergaben grunds\u00e4tzlich notwendig, m\u00fcssen jedoch sinnvoll und zur richtigen Zeit erfolgen. Nach einem sehr hei\u00dfen und trockenen Sommer ist eine zus\u00e4tzliche Wassergabe meist dringend erforderlich. Auch die Bodenqualit\u00e4t ist von gro\u00dfer Bedeu\u00adtung: In normalen Jahren ben\u00f6tigen schwere, kalte B\u00f6den meist keine zus\u00e4tzliche W\u00e4sserung. Leichte B\u00f6den dagegen k\u00f6nnen nicht gen\u00fcgend Wasserreserven speichern und brauchen w\u00e4hrend regenarmer Winterzeit mehrere Wassergaben. Wenn es nicht friert und l\u00e4nger nicht geregnet hat, dann sollten wir im Ziergarten alle immergr\u00fcnen Geh\u00f6lze w\u00e4ssern, denn sie brauchen auch in der kalten Jahreszeit viel Feuchtigkeit. Wenn beim Rhododendron die Bl\u00e4tter herabh\u00e4ngen und sich zusammengerollt haben, ist dies kein Anlass zur Besorgnis, die Str\u00e4ucher sch\u00fctzen sich so nur vor zu hoher Verdunstung, die \u00fcber die Bl\u00e4tter stattfinden w\u00fcrde. Ganz besonders wichtig ist es, die bepflanzte K\u00fcbel im Winter regelm\u00e4\u00dfig mit Wasser zu versorgen, denn sie trocknen meist besonders schnell aus, vor allen Dingen wird ihnen bei Frost viel Wasser entzogen.<br><br>Man kann solche M\u00fchen weitestgehend einschr\u00e4nken, wenn die Umgebung der B\u00e4ume und Str\u00e4ucher mit einer <strong>dicken Mulchschicht<\/strong> versehen wird. Der Frost kann dann nicht sehr tief in den Boden eindringen und ihm die Feuchtigkeit entziehen. An sonnigen Tagen ist die Mulchschicht ein sicherer Schutz vor Verdunstung. Pflanzen, die an gesch\u00fctzten, schattigen Pl\u00e4tzen stehen, sind weniger stark gef\u00e4hrdet und verlangen daher auch weniger Wasser.<br><br><strong>Pflanzungen im Dezember<\/strong><br>Beim Pflanzen von Geh\u00f6lzen im Dezember achtet darauf, alle Aktivit\u00e4ten nur bei frostfreiem Wetter durchzuf\u00fchren. Das Gleiche gilt auch f\u00fcr den Schnitt! Au\u00dferdem solltest du f\u00fcr einen guten Bodenschluss sorgen, das hei\u00dft nach dem Pflanzen die Erde antreten und gut angie\u00dfen\/einschl\u00e4mmen, damit sich der Boden um die feinen Wurzeln der Geh\u00f6lze legten kann. Ein Gie\u00dfrand erleichtert das W\u00e4ssern der Geh\u00f6lze in den n\u00e4chsten Wochen und verhindert das unkontrollierte Ablaufen des Wassers. Beim Pflanzen von B\u00e4umen und Str\u00e4uchern solltest du auch unbedingt darauf achten, dass das Pflanzloch gro\u00df genug ist (mindestens 1,5 mal so breit und tief wie der Wurzelballen), sonst k\u00f6nnen sich die Wurzeln nicht ungest\u00f6rt ausbreiten. <br><br><strong>W. D. K. \/ S. J.<br><br><\/strong><\/p>\n","protected":false},"excerpt":{"rendered":"<p>V\u00f6gel f\u00fctternSp\u00e4testens bei Dauerfrost und geschlossener Schneedecke ist die Zeit zum Zuf\u00fcttern der V\u00f6gel gekommen. Dabei sollten wir das Futter morgens oder abends regelm\u00e4\u00dfig anbieten, damit die V\u00f6gel sich vor oder nach einer kalten Nacht satt fressen k\u00f6nnen. Bei Vogelh\u00e4uschen sollte man nur solche Modelle nutzen, in denen die V\u00f6gel nicht reinfliegen\/-gehen k\u00f6nnen. Kot und [&hellip;]<\/p>\n","protected":false},"author":69,"featured_media":0,"parent":0,"menu_order":0,"comment_status":"closed","ping_status":"closed","template":"","meta":{"footnotes":""},"class_list":["post-2057","page","type-page","status-publish","hentry"],"_links":{"self":[{"href":"https:\/\/tannenberg-allee.de\/index.php?rest_route=\/wp\/v2\/pages\/2057","targetHints":{"allow":["GET"]}}],"collection":[{"href":"https:\/\/tannenberg-allee.de\/index.php?rest_route=\/wp\/v2\/pages"}],"about":[{"href":"https:\/\/tannenberg-allee.de\/index.php?rest_route=\/wp\/v2\/types\/page"}],"author":[{"embeddable":true,"href":"https:\/\/tannenberg-allee.de\/index.php?rest_route=\/wp\/v2\/users\/69"}],"replies":[{"embeddable":true,"href":"https:\/\/tannenberg-allee.de\/index.php?rest_route=%2Fwp%2Fv2%2Fcomments&post=2057"}],"version-history":[{"count":2,"href":"https:\/\/tannenberg-allee.de\/index.php?rest_route=\/wp\/v2\/pages\/2057\/revisions"}],"predecessor-version":[{"id":2149,"href":"https:\/\/tannenberg-allee.de\/index.php?rest_route=\/wp\/v2\/pages\/2057\/revisions\/2149"}],"wp:attachment":[{"href":"https:\/\/tannenberg-allee.de\/index.php?rest_route=%2Fwp%2Fv2%2Fmedia&parent=2057"}],"curies":[{"name":"wp","href":"https:\/\/api.w.org\/{rel}","templated":true}]}}