{"id":2015,"date":"2025-10-08T18:21:21","date_gmt":"2025-10-08T16:21:21","guid":{"rendered":"https:\/\/tannenberg-allee.de\/?page_id=2015"},"modified":"2025-10-11T17:15:58","modified_gmt":"2025-10-11T15:15:58","slug":"unser-garten-im-august","status":"publish","type":"page","link":"https:\/\/tannenberg-allee.de\/?page_id=2015","title":{"rendered":"Unser Garten im August"},"content":{"rendered":"\n<p><strong>Gem\u00fcse ernten und verarbeiten<\/strong><br>Im August sind viele Gem\u00fcse erntereif und m\u00fcssen verarbeitet werden. Salate k\u00f6nnen nahezu ganzj\u00e4hrig ges\u00e4t und nachgezogen werden. Als Schwachzehrer kann man sie in jede entstehende Beetl\u00fccke setzen. <br>Bitte achtete darauf, bei H\u00fclsenfr\u00fcchten die verwelkten Pflanzenteile lediglich oberirdisch zu entfernen, da die wertvollen Leguminosen Stickstoff im Boden gebunden haben und dies f\u00fcr Folgekulturen sehr wertvoll ist.<\/p>\n\n\n\n<p><strong>Bl\u00fcten abschneiden<\/strong><br>Die bl\u00fchenden Stauden freuen sich \u00fcber das regelm\u00e4\u00dfige Abschneiden bzw. Abknipsen der verbl\u00fchten Bl\u00fcten. Diese Ma\u00dfnahme regt die Bl\u00fctenbildung an und sorgt f\u00fcr best\u00e4ndiges Bl\u00fchen in den Beeten. <\/p>\n\n\n\n<p><strong>Saatgut ernten<\/strong><br>Im August sind die ersten Sommerblumen verbl\u00fcht. Bei Trockenheit kann man die Samen ernten und f\u00fcr die n\u00e4chste Saison trocken lagern. Gleiches gilt bspw. f\u00fcr Salat und andere Gem\u00fcse. Wer samenfestes Saatgut gekauft hat, kann einzelne Pflanzen &#8222;schie\u00dfen&#8220; lassen, die Samen ernten und spart so viel Geld.<\/p>\n\n\n\n<p><strong>Oleander verj\u00fcngen<\/strong><br>Im August kann man beim Oleander einzelne alte Triebe bis auf 10 cm zur\u00fcckschneiden, um die Pflanze zu verj\u00fcngen. Das verhindert, dass die K\u00fcbelpflanze im unteren Bereich vergreist und ausd\u00fcnnt.<\/p>\n\n\n\n<p><strong>Stecklinge nehmen<\/strong><br>Bis in den August lassen sich zahlreiche Pflanzen noch \u00fcber Stecklinge vermehren. Daf\u00fcr schneidet man ein kurzes St\u00fcck von einem kr\u00e4ftigen und bl\u00fctenlosen einj\u00e4hrigen Trieb ab, entfernt die unteren Bl\u00e4tter und reduziert die obere Blattmasse. Anschlie\u00dfend steckt man das Pflanzenst\u00fcck in einen Blumentopf. Achtet darauf, dass es nicht zu hei\u00df ist und die Stecklinge warm, aber nicht in der direkten Sonne stehen und regelm\u00e4\u00dfig gew\u00e4ssert werden.<\/p>\n\n\n\n<p><strong>Garten w\u00e4ssern<\/strong><br>Grunds\u00e4tzlich sollte man den Garten lieber selten (1x in der Woche), daf\u00fcr aber durchdringend w\u00e4ssern. So bilden die Pflanzen Tiere Wurzeln aus und \u00fcbersehen Trockenperioden besser. Durchdringend bedeutet, dass der Boden nach der Bew\u00e4sserung bis in ca. 10 cm Tiefe feucht ist. Wer dann gleich morgens um 6 Uhr w\u00e4ssert, vermeidet auf der einen Seite gro\u00dfe Verdunstungsverluste und beugt auf der anderen Seite Schnecken vor, da die Pflanzen bis zum Abend wieder abgetrocknet sind.<br>Obstb\u00e4ume freuen sich im August besonders \u00fcber ausreichend Wasser. Da die feinen Wurzeln im Traufenbereich das meiste Wasser aufnehmen, gie\u00dft bitte nicht nur am Stamm, sondern insbesondere auf dem Boden unterhalb des Kronenrands.<br>Bitte achtet &#8211; wie jedes Jahr &#8211; auf das Bew\u00e4sserungsverbot, das in den Sommermonaten tags\u00fcber bei einer Temperatur ab 27 Grad (gemessen am Flughafen Langenhagen) gilt. <\/p>\n\n\n\n<p><strong>Rasenpflege<\/strong><br>In den hei\u00dfen Sommermonaten solltet ihr den Rasen nicht k\u00fcrzer als 5-6 cm schneiden. So sch\u00fctzt ihr die Pflanzen vor dem Austrocknen, da sich die Gr\u00e4ser besser selber beschatten k\u00f6nnen. Zudem spart ihr wertvolles Wasser.<\/p>\n\n\n\n<p><strong>S. J.<\/strong><\/p>\n\n\n\n<p><\/p>\n","protected":false},"excerpt":{"rendered":"<p>Gem\u00fcse ernten und verarbeitenIm August sind viele Gem\u00fcse erntereif und m\u00fcssen verarbeitet werden. Salate k\u00f6nnen nahezu ganzj\u00e4hrig ges\u00e4t und nachgezogen werden. Als Schwachzehrer kann man sie in jede entstehende Beetl\u00fccke setzen. Bitte achtete darauf, bei H\u00fclsenfr\u00fcchten die verwelkten Pflanzenteile lediglich oberirdisch zu entfernen, da die wertvollen Leguminosen Stickstoff im Boden gebunden haben und dies f\u00fcr [&hellip;]<\/p>\n","protected":false},"author":69,"featured_media":0,"parent":0,"menu_order":0,"comment_status":"closed","ping_status":"closed","template":"","meta":{"footnotes":""},"class_list":["post-2015","page","type-page","status-publish","hentry"],"_links":{"self":[{"href":"https:\/\/tannenberg-allee.de\/index.php?rest_route=\/wp\/v2\/pages\/2015","targetHints":{"allow":["GET"]}}],"collection":[{"href":"https:\/\/tannenberg-allee.de\/index.php?rest_route=\/wp\/v2\/pages"}],"about":[{"href":"https:\/\/tannenberg-allee.de\/index.php?rest_route=\/wp\/v2\/types\/page"}],"author":[{"embeddable":true,"href":"https:\/\/tannenberg-allee.de\/index.php?rest_route=\/wp\/v2\/users\/69"}],"replies":[{"embeddable":true,"href":"https:\/\/tannenberg-allee.de\/index.php?rest_route=%2Fwp%2Fv2%2Fcomments&post=2015"}],"version-history":[{"count":3,"href":"https:\/\/tannenberg-allee.de\/index.php?rest_route=\/wp\/v2\/pages\/2015\/revisions"}],"predecessor-version":[{"id":2167,"href":"https:\/\/tannenberg-allee.de\/index.php?rest_route=\/wp\/v2\/pages\/2015\/revisions\/2167"}],"wp:attachment":[{"href":"https:\/\/tannenberg-allee.de\/index.php?rest_route=%2Fwp%2Fv2%2Fmedia&parent=2015"}],"curies":[{"name":"wp","href":"https:\/\/api.w.org\/{rel}","templated":true}]}}