{"id":2004,"date":"2025-10-08T18:06:37","date_gmt":"2025-10-08T16:06:37","guid":{"rendered":"https:\/\/tannenberg-allee.de\/?page_id=2004"},"modified":"2026-02-02T16:30:33","modified_gmt":"2026-02-02T15:30:33","slug":"unser-garten-im-januar-4","status":"publish","type":"page","link":"https:\/\/tannenberg-allee.de\/?page_id=2004","title":{"rendered":"Unser Garten im Januar"},"content":{"rendered":"\n<p><strong>Obstb\u00e4ume schneiden<\/strong><\/p>\n\n\n\n<p>An frostfreien Tagen im Januar kann man noch weiterhin Obstb\u00e4ume wie Apfel-, Birnen- und Quittenb\u00e4ume schneiden. Diese stark wachsenden Obstsorten profitieren von einem R\u00fcckschnitt im Sp\u00e4twinter, da das dann schw\u00e4chere Wachstum die Bl\u00fctenbildung f\u00f6rdert.<\/p>\n\n\n\n<p><strong>V\u00f6gel f\u00fcttern<\/strong><\/p>\n\n\n\n<p>Die V\u00f6gel freuen sich, wenn wir regelm\u00e4\u00dfig die Futterstationen im Garten kontrollieren. Auf Meisenkn\u00f6del in Plastiknetzen sollte man allerdings grunds\u00e4tzlich verzichten, da die V\u00f6gel sich darin verheddern und verletzen k\u00f6nnen.<\/p>\n\n\n\n<p><strong>S. J.<\/strong><\/p>\n","protected":false},"excerpt":{"rendered":"<p>Obstb\u00e4ume schneiden An frostfreien Tagen im Januar kann man noch weiterhin Obstb\u00e4ume wie Apfel-, Birnen- und Quittenb\u00e4ume schneiden. Diese stark wachsenden Obstsorten profitieren von einem R\u00fcckschnitt im Sp\u00e4twinter, da das dann schw\u00e4chere Wachstum die Bl\u00fctenbildung f\u00f6rdert. V\u00f6gel f\u00fcttern Die V\u00f6gel freuen sich, wenn wir regelm\u00e4\u00dfig die Futterstationen im Garten kontrollieren. Auf Meisenkn\u00f6del in Plastiknetzen sollte [&hellip;]<\/p>\n","protected":false},"author":69,"featured_media":0,"parent":0,"menu_order":0,"comment_status":"closed","ping_status":"closed","template":"","meta":{"footnotes":""},"class_list":["post-2004","page","type-page","status-publish","hentry"],"_links":{"self":[{"href":"https:\/\/tannenberg-allee.de\/index.php?rest_route=\/wp\/v2\/pages\/2004","targetHints":{"allow":["GET"]}}],"collection":[{"href":"https:\/\/tannenberg-allee.de\/index.php?rest_route=\/wp\/v2\/pages"}],"about":[{"href":"https:\/\/tannenberg-allee.de\/index.php?rest_route=\/wp\/v2\/types\/page"}],"author":[{"embeddable":true,"href":"https:\/\/tannenberg-allee.de\/index.php?rest_route=\/wp\/v2\/users\/69"}],"replies":[{"embeddable":true,"href":"https:\/\/tannenberg-allee.de\/index.php?rest_route=%2Fwp%2Fv2%2Fcomments&post=2004"}],"version-history":[{"count":4,"href":"https:\/\/tannenberg-allee.de\/index.php?rest_route=\/wp\/v2\/pages\/2004\/revisions"}],"predecessor-version":[{"id":2258,"href":"https:\/\/tannenberg-allee.de\/index.php?rest_route=\/wp\/v2\/pages\/2004\/revisions\/2258"}],"wp:attachment":[{"href":"https:\/\/tannenberg-allee.de\/index.php?rest_route=%2Fwp%2Fv2%2Fmedia&parent=2004"}],"curies":[{"name":"wp","href":"https:\/\/api.w.org\/{rel}","templated":true}]}}