{"id":165,"date":"2020-02-24T22:16:15","date_gmt":"2020-02-24T21:16:15","guid":{"rendered":"http:\/\/test.tannenberg-allee.de\/?page_id=165"},"modified":"2026-02-09T09:11:52","modified_gmt":"2026-02-09T08:11:52","slug":"gemeinschaftsarbeit-2019","status":"publish","type":"page","link":"https:\/\/tannenberg-allee.de\/?page_id=165","title":{"rendered":"GEMEINSCHAFTSARBEIT"},"content":{"rendered":"\n<p class=\"has-text-align-center has-text-color\" style=\"color:#a30018\"><strong>Gemeinschaftsarbeit 2026<\/strong><\/p>\n\n\n\n<p>Jede\/r Gartenp\u00e4chter\/in hat bis auf Widerruf <strong>3 Stunden Gemeinschaftsarbeit<\/strong> <strong>pro Kalenderjahr <u>grunds\u00e4tzlich nur <\/u><\/strong><em><u>in ihrer\/seiner Kolonie<\/u><\/em> zu leisten. Die Stunden der Gemeinschaftsarbeit k\u00f6nnen gesplittet oder durch einen vom P\u00e4chter genannten Vertreter ausgef\u00fchrt werden. Der Kolonieleiter nimmt vorab die Garteneinteilung zu den Terminen vor, bitte Aush\u00e4nge beachten. Abstimmungen zu diesen Terminen sind jederzeit mit dem Kolonieleiter m\u00f6glich. Auf Grund der begrenzten Stundenvorgabe ist eine effektive Abwicklung der Arbeiten unbedingt notwendig. <strong>Die Gartenger\u00e4te wie Hacke, Harke, Spaten, Laubbesen und Scheren sind unbedingt zu Beginn der Arbeiten mitzubringen<\/strong>.<\/p>\n\n\n\n<p><strong>Die Ableistung der Stunden ist zum Nachweis am Ende der Arbeiten durch Unterschrift beim Kolonieleiter zu best\u00e4tigen.<\/strong> F\u00fcr nicht geleistete Gemeinschaftsarbeit werden z.Zt. 30,00 \u20ac pro Stunde zum Jahresende in Rechnung gestellt.<\/p>\n\n\n\n<p><strong><em>Bei starkem Regen wird die Gemeinschaftsarbeit abgesagt und verschoben! <\/em><\/strong><strong><em>Achtung! Lt. Beschluss der Mitgliederversammlung von 2016 sind die P\u00e4chter von Au\u00dfeng\u00e4rten nicht von der Gemeinschaftsarbeit befreit!&nbsp;<\/em><\/strong><\/p>\n\n\n\n<p><strong>Die Gemeinschaftsarbeit findet an folgenden Terminen statt:<\/strong><\/p>\n\n\n\n<figure class=\"wp-block-table\"><table class=\"has-fixed-layout\"><tbody><tr><td><strong>11.04.2026<\/strong><strong><\/strong><\/td><td><strong>Morgensonne<\/strong><strong><\/strong><\/td><\/tr><tr><td><strong>18.04.2026<\/strong><strong><\/strong><\/td><td><strong>Ehlershausen<\/strong><strong><\/strong><\/td><\/tr><tr><td><strong>25.04.2026<\/strong><strong><\/strong><\/td><td><strong>Sorgenfrei<\/strong><strong><\/strong><\/td><\/tr><tr><td><strong>09.05.2026<\/strong><strong><\/strong><\/td><td><strong>Im Paradies<\/strong><strong><\/strong><\/td><\/tr><tr><td><strong>30.05.2026<\/strong><strong><\/strong><\/td><td><strong>Wiesengrund<\/strong><strong><\/strong><\/td><\/tr><tr><td><strong>06.06.2026<\/strong><strong><\/strong><\/td><td><strong>Sonneneck<\/strong><strong><\/strong><\/td><\/tr><tr><td><strong>13.06.2026<\/strong><strong><\/strong><\/td><td><strong>Erholung<\/strong><strong><\/strong><\/td><\/tr><tr><td><strong>20.06.2026<\/strong><strong><\/strong><\/td><td><strong>Ehlershausen<\/strong><strong><\/strong><\/td><\/tr><tr><td><strong>27.06.2026<\/strong><strong><\/strong><\/td><td><strong>Sorgenfrei<\/strong><strong><\/strong><\/td><\/tr><tr><td><strong>04.07.2026<\/strong><strong><\/strong><\/td><td><strong>Morgensonne<\/strong><strong><\/strong><\/td><\/tr><tr><td><strong>18.07.2026<\/strong><strong><\/strong><\/td><td><strong>Wiesengrund<\/strong><strong><\/strong><\/td><\/tr><tr><td><strong>01.08.2026<\/strong><strong><\/strong><\/td><td><strong>Erholung<\/strong><strong><\/strong><\/td><\/tr><tr><td><strong>08.08.2026<\/strong><strong><\/strong><\/td><td><strong>Sonneneck<\/strong><strong><\/strong><\/td><\/tr><tr><td><strong>15.08.2026<\/strong><strong><\/strong><\/td><td><strong>Im Paradies<\/strong><strong><\/strong><\/td><\/tr><tr><td><strong>22.08.2026<\/strong><strong><\/strong><\/td><td><strong>Ehlershausen<\/strong><strong><\/strong><\/td><\/tr><tr><td><strong>29.08.2026<\/strong><strong><\/strong><\/td><td><strong>Morgensonne<\/strong><strong><\/strong><\/td><\/tr><tr><td><strong>12.09.2026<\/strong><strong><\/strong><\/td><td><strong>Erholung<\/strong><strong><\/strong><\/td><\/tr><tr><td><strong>26.09.2026<\/strong><\/td><td><strong>Sorgenfrei<\/strong><\/td><\/tr><tr><td><strong>10.10.2026<\/strong><\/td><td><strong>Ehlershausen<\/strong><\/td><\/tr><tr><td><strong>10.10.2026<\/strong><\/td><td><strong>Wiesengrund<\/strong><\/td><\/tr><\/tbody><\/table><\/figure>\n","protected":false},"excerpt":{"rendered":"<p>Gemeinschaftsarbeit 2026 Jede\/r Gartenp\u00e4chter\/in hat bis auf Widerruf 3 Stunden Gemeinschaftsarbeit pro Kalenderjahr grunds\u00e4tzlich nur in ihrer\/seiner Kolonie zu leisten. Die Stunden der Gemeinschaftsarbeit k\u00f6nnen gesplittet oder durch einen vom P\u00e4chter genannten Vertreter ausgef\u00fchrt werden. Der Kolonieleiter nimmt vorab die Garteneinteilung zu den Terminen vor, bitte Aush\u00e4nge beachten. Abstimmungen zu diesen Terminen sind jederzeit mit [&hellip;]<\/p>\n","protected":false},"author":1,"featured_media":0,"parent":0,"menu_order":0,"comment_status":"closed","ping_status":"closed","template":"","meta":{"footnotes":""},"class_list":["post-165","page","type-page","status-publish","hentry"],"_links":{"self":[{"href":"https:\/\/tannenberg-allee.de\/index.php?rest_route=\/wp\/v2\/pages\/165","targetHints":{"allow":["GET"]}}],"collection":[{"href":"https:\/\/tannenberg-allee.de\/index.php?rest_route=\/wp\/v2\/pages"}],"about":[{"href":"https:\/\/tannenberg-allee.de\/index.php?rest_route=\/wp\/v2\/types\/page"}],"author":[{"embeddable":true,"href":"https:\/\/tannenberg-allee.de\/index.php?rest_route=\/wp\/v2\/users\/1"}],"replies":[{"embeddable":true,"href":"https:\/\/tannenberg-allee.de\/index.php?rest_route=%2Fwp%2Fv2%2Fcomments&post=165"}],"version-history":[{"count":32,"href":"https:\/\/tannenberg-allee.de\/index.php?rest_route=\/wp\/v2\/pages\/165\/revisions"}],"predecessor-version":[{"id":2283,"href":"https:\/\/tannenberg-allee.de\/index.php?rest_route=\/wp\/v2\/pages\/165\/revisions\/2283"}],"wp:attachment":[{"href":"https:\/\/tannenberg-allee.de\/index.php?rest_route=%2Fwp%2Fv2%2Fmedia&parent=165"}],"curies":[{"name":"wp","href":"https:\/\/api.w.org\/{rel}","templated":true}]}}