{"id":1489,"date":"2024-02-17T22:40:06","date_gmt":"2024-02-17T21:40:06","guid":{"rendered":"https:\/\/tannenberg-allee.de\/?page_id=1489"},"modified":"2024-02-17T22:40:06","modified_gmt":"2024-02-17T21:40:06","slug":"in-anzeigen-stoebern","status":"publish","type":"page","link":"https:\/\/tannenberg-allee.de\/?page_id=1489","title":{"rendered":"In Anzeigen st\u00f6bern."},"content":{"rendered":"<div class=\"awpcp-browse-ads awpcp-page\" id=\"classiwrapper\">\n    \n        <div class=\"uiwelcome\">Ben\u00f6tigst Du etwas, was Du nicht unbedingt neu kaufen willst? Durchsuche unsere Anzeigen! Hast Du Gartenger\u00e4te, Pflanzen oder etwas anderes, das Du nicht mehr ben\u00f6tigst? Stelle eine Anzeige ein!\r\n\r\nDu must registriert bzw. angemeldet sein, um Anzeigen aufgeben zu k\u00f6nnen! Wir behalten uns vor, Werbeanzeigen oder Anzeigen mit politischen, gewaltverherrlichenden oder sexistischen\/pornografischen Inhalten zu l\u00f6schen!<\/div>\n    \n        <div class=\"awpcp-classifieds-search-bar\" data-breakpoints='{\"tiny\": [0,450]}' data-breakpoints-class-prefix=\"awpcp-classifieds-search-bar\">\n    <form action=\"https:\/\/tannenberg-allee.de\/?page_id=1490\" method=\"get\">\n                    <input type=\"hidden\" name=\"page_id\" value=\"1490\" \/>\n                <input type=\"hidden\" name=\"awpcp-step\" value=\"dosearch\" \/>\n        <div class=\"awpcp-classifieds-search-bar--query-field\">\n            <label class=\"screen-reader-text\" for=\"awpcp-search-query-field\">Suche nach:<\/label>\n            <input id=\"awpcp-search-query-field\" type=\"text\" name=\"keywordphrase\" \/>\n        <\/div>\n        <div class=\"awpcp-classifieds-search-bar--submit-button\">\n            <input class=\"button\" type=\"submit\" value=\"Suche in Anzeigen\" \/>\n        <\/div>\n        <div class=\"awpcp-classifieds-search-bar--advanced-search-link\"><a href=\"https:\/\/tannenberg-allee.de\/?page_id=1490\">Erweiterte Suche <\/a><\/div>\n    <\/form>\n<\/div>\n<ul class=\"awpcp-classifieds-menu awpcp-clearfix\" data-breakpoints='{\"tiny\": [0,400], \"small\": [400,500]}' data-breakpoints-class-prefix=\"awpcp-classifieds-menu\">\n    <li class=\"awpcp-classifieds-menu--menu-item awpcp-classifieds-menu--post-listing-menu-item\">\n        <a class=\"awpcp-classifieds-menu--menu-item-link button\" href=\"https:\/\/tannenberg-allee.de\/?page_id=1487\">Anzeige aufgeben<\/a>\n    <\/li>\n    <li class=\"awpcp-classifieds-menu--menu-item awpcp-classifieds-menu--browse-listings-menu-item\">\n        <a class=\"awpcp-classifieds-menu--menu-item-link button\" href=\"https:\/\/tannenberg-allee.de\/?page_id=1489\">In Anzeigen st\u00f6bern.<\/a>\n    <\/li>\n    <li class=\"awpcp-classifieds-menu--menu-item awpcp-classifieds-menu--search-listings-menu-item\">\n        <a class=\"awpcp-classifieds-menu--menu-item-link button\" href=\"https:\/\/tannenberg-allee.de\/?page_id=1490\">Suche in Anzeigen<\/a>\n    <\/li>\n<\/ul>\n    \n    \n    <div class=\"awpcp-listings awpcp-clearboth\">\n                    <p>Es wurden keine Anzeigen gefunden.<\/p>\n            <\/div>\n\n    <\/div>\n\n","protected":false},"excerpt":{"rendered":"","protected":false},"author":1,"featured_media":0,"parent":1483,"menu_order":0,"comment_status":"closed","ping_status":"closed","template":"","meta":{"footnotes":""},"class_list":["post-1489","page","type-page","status-publish","hentry"],"_links":{"self":[{"href":"https:\/\/tannenberg-allee.de\/index.php?rest_route=\/wp\/v2\/pages\/1489","targetHints":{"allow":["GET"]}}],"collection":[{"href":"https:\/\/tannenberg-allee.de\/index.php?rest_route=\/wp\/v2\/pages"}],"about":[{"href":"https:\/\/tannenberg-allee.de\/index.php?rest_route=\/wp\/v2\/types\/page"}],"author":[{"embeddable":true,"href":"https:\/\/tannenberg-allee.de\/index.php?rest_route=\/wp\/v2\/users\/1"}],"replies":[{"embeddable":true,"href":"https:\/\/tannenberg-allee.de\/index.php?rest_route=%2Fwp%2Fv2%2Fcomments&post=1489"}],"version-history":[{"count":0,"href":"https:\/\/tannenberg-allee.de\/index.php?rest_route=\/wp\/v2\/pages\/1489\/revisions"}],"up":[{"embeddable":true,"href":"https:\/\/tannenberg-allee.de\/index.php?rest_route=\/wp\/v2\/pages\/1483"}],"wp:attachment":[{"href":"https:\/\/tannenberg-allee.de\/index.php?rest_route=%2Fwp%2Fv2%2Fmedia&parent=1489"}],"curies":[{"name":"wp","href":"https:\/\/api.w.org\/{rel}","templated":true}]}}