{"id":101,"date":"2020-02-24T18:48:48","date_gmt":"2020-02-24T17:48:48","guid":{"rendered":"http:\/\/test.tannenberg-allee.de\/?page_id=101"},"modified":"2024-03-18T17:28:10","modified_gmt":"2024-03-18T16:28:10","slug":"herzlich-willkommen","status":"publish","type":"page","link":"https:\/\/tannenberg-allee.de\/","title":{"rendered":"HERZLICH WILLKOMMEN&#8230;"},"content":{"rendered":"\n<p class=\"has-text-align-center\"><strong>&#8230; auf der Internetseite des KGV Tannenberg-Allee e. V.!<\/strong><\/p>\n\n\n\n<p class=\"has-text-align-center\">Die Seite dient haupts\u00e4chlich der Information unserer P\u00e4chter, aber auch anderer Interessierter, die wir hoffentlich demn\u00e4chst beim Flanieren durch unsere Kolonien oder in unserer Vereinsgastst\u00e4tte begr\u00fc\u00dfen d\u00fcrfen.<\/p>\n\n\n\n<p class=\"has-text-align-center\">Gut gr\u00fcn und allen eine sch\u00f6ne Zeit&#8230;<\/p>\n\n\n\n<h5 class=\"wp-block-heading has-text-align-center\"><\/h5>\n\n\n\n<p><strong>Letzte Beitr\u00e4ge:<\/strong><\/p>\n\n\n<ul class=\"wp-block-latest-posts__list wp-block-latest-posts\"><li><a class=\"wp-block-latest-posts__post-title\" href=\"https:\/\/tannenberg-allee.de\/?p=2346\">GUF 05\/2026<\/a><div class=\"wp-block-latest-posts__post-excerpt\">Liebe Gartenfreundinnen und Gartenfreunde, nach den Osterfeiertagen geht es mit der Temperatur wieder aufw\u00e4rts und die Gartenarbeit kann nach der\u2026\u00a0<a class=\"wp-block-latest-posts__read-more\" href=\"https:\/\/tannenberg-allee.de\/?p=2346\" rel=\"noopener noreferrer\"><span class=\"screen-reader-text\">GUF 05\/2026 <\/span>weiterlesen<\/a><\/div><\/li>\n<li><a class=\"wp-block-latest-posts__post-title\" href=\"https:\/\/tannenberg-allee.de\/?p=2344\">Das Bundessortenamt l\u00e4dt zum Tag der offenen T\u00fcr am 27. Juni 2026 in den Osterfelddamm 80 ein!<\/a><div class=\"wp-block-latest-posts__post-excerpt\"><\/div><\/li>\n<li><a class=\"wp-block-latest-posts__post-title\" href=\"https:\/\/tannenberg-allee.de\/?p=2316\">GUF 04\/2026<\/a><div class=\"wp-block-latest-posts__post-excerpt\">Liebe Gartenfreundinnen und Gartenfreunde, nach einem schneereichen Winter, steht Ostern schon wieder vor der T\u00fcr, eventuell ist nach Erscheinen unserer\u2026\u00a0<a class=\"wp-block-latest-posts__read-more\" href=\"https:\/\/tannenberg-allee.de\/?p=2316\" rel=\"noopener noreferrer\"><span class=\"screen-reader-text\">GUF 04\/2026 <\/span>weiterlesen<\/a><\/div><\/li>\n<\/ul>\n\n\n<hr class=\"wp-block-separator has-css-opacity\"\/>\n\n\n\n<figure class=\"wp-block-gallery has-nested-images columns-4 is-cropped wp-block-gallery-1 is-layout-flex wp-block-gallery-is-layout-flex\">\n<figure class=\"wp-block-image size-full is-style-default\"><a href=\"https:\/\/tannenberg-allee.de\/wp-content\/uploads\/2023\/11\/IMG-20231110-WA0010.jpg\" target=\"_blank\" rel=\"noopener\"><img loading=\"lazy\" decoding=\"async\" width=\"1024\" height=\"768\" data-id=\"1305\" src=\"https:\/\/tannenberg-allee.de\/wp-content\/uploads\/2023\/11\/IMG-20231110-WA0010.jpg\" alt=\"\" class=\"wp-image-1305\" srcset=\"https:\/\/tannenberg-allee.de\/wp-content\/uploads\/2023\/11\/IMG-20231110-WA0010.jpg 1024w, https:\/\/tannenberg-allee.de\/wp-content\/uploads\/2023\/11\/IMG-20231110-WA0010-300x225.jpg 300w, https:\/\/tannenberg-allee.de\/wp-content\/uploads\/2023\/11\/IMG-20231110-WA0010-768x576.jpg 768w, https:\/\/tannenberg-allee.de\/wp-content\/uploads\/2023\/11\/IMG-20231110-WA0010-900x675.jpg 900w\" sizes=\"auto, (max-width: 1024px) 100vw, 1024px\" \/><\/a><\/figure>\n\n\n\n<figure class=\"wp-block-image size-large\"><a href=\"https:\/\/tannenberg-allee.de\/wp-content\/uploads\/2023\/11\/20231120_140357-scaled.jpg\" target=\"_blank\" rel=\"noopener\"><img loading=\"lazy\" decoding=\"async\" width=\"1024\" height=\"768\" data-id=\"1302\" src=\"https:\/\/tannenberg-allee.de\/wp-content\/uploads\/2023\/11\/20231120_140357-1024x768.jpg\" alt=\"\" class=\"wp-image-1302\" srcset=\"https:\/\/tannenberg-allee.de\/wp-content\/uploads\/2023\/11\/20231120_140357-1024x768.jpg 1024w, https:\/\/tannenberg-allee.de\/wp-content\/uploads\/2023\/11\/20231120_140357-300x225.jpg 300w, https:\/\/tannenberg-allee.de\/wp-content\/uploads\/2023\/11\/20231120_140357-768x576.jpg 768w, https:\/\/tannenberg-allee.de\/wp-content\/uploads\/2023\/11\/20231120_140357-1536x1152.jpg 1536w, https:\/\/tannenberg-allee.de\/wp-content\/uploads\/2023\/11\/20231120_140357-2048x1536.jpg 2048w, https:\/\/tannenberg-allee.de\/wp-content\/uploads\/2023\/11\/20231120_140357-900x675.jpg 900w, https:\/\/tannenberg-allee.de\/wp-content\/uploads\/2023\/11\/20231120_140357-1280x960.jpg 1280w\" sizes=\"auto, (max-width: 1024px) 100vw, 1024px\" \/><\/a><\/figure>\n\n\n\n<figure class=\"wp-block-image size-large\"><a href=\"https:\/\/tannenberg-allee.de\/wp-content\/uploads\/2023\/11\/IMG-20231110-WA0016.jpg\" target=\"_blank\" rel=\"noopener\"><img loading=\"lazy\" decoding=\"async\" width=\"1024\" height=\"768\" data-id=\"1292\" src=\"https:\/\/tannenberg-allee.de\/wp-content\/uploads\/2023\/11\/IMG-20231110-WA0016.jpg\" alt=\"\" class=\"wp-image-1292\" srcset=\"https:\/\/tannenberg-allee.de\/wp-content\/uploads\/2023\/11\/IMG-20231110-WA0016.jpg 1024w, https:\/\/tannenberg-allee.de\/wp-content\/uploads\/2023\/11\/IMG-20231110-WA0016-300x225.jpg 300w, https:\/\/tannenberg-allee.de\/wp-content\/uploads\/2023\/11\/IMG-20231110-WA0016-768x576.jpg 768w, https:\/\/tannenberg-allee.de\/wp-content\/uploads\/2023\/11\/IMG-20231110-WA0016-900x675.jpg 900w\" sizes=\"auto, (max-width: 1024px) 100vw, 1024px\" \/><\/a><\/figure>\n\n\n\n<figure class=\"wp-block-image size-large\"><a href=\"https:\/\/tannenberg-allee.de\/wp-content\/uploads\/2023\/11\/IMG-20231110-WA0015.jpg\" target=\"_blank\" rel=\"noopener\"><img loading=\"lazy\" decoding=\"async\" width=\"1024\" height=\"768\" data-id=\"1291\" src=\"https:\/\/tannenberg-allee.de\/wp-content\/uploads\/2023\/11\/IMG-20231110-WA0015.jpg\" alt=\"\" class=\"wp-image-1291\" srcset=\"https:\/\/tannenberg-allee.de\/wp-content\/uploads\/2023\/11\/IMG-20231110-WA0015.jpg 1024w, https:\/\/tannenberg-allee.de\/wp-content\/uploads\/2023\/11\/IMG-20231110-WA0015-300x225.jpg 300w, https:\/\/tannenberg-allee.de\/wp-content\/uploads\/2023\/11\/IMG-20231110-WA0015-768x576.jpg 768w, https:\/\/tannenberg-allee.de\/wp-content\/uploads\/2023\/11\/IMG-20231110-WA0015-900x675.jpg 900w\" sizes=\"auto, (max-width: 1024px) 100vw, 1024px\" \/><\/a><\/figure>\n\n\n\n<figure class=\"wp-block-image size-large\"><a href=\"https:\/\/tannenberg-allee.de\/wp-content\/uploads\/2023\/09\/2023_09_11_Insektenreich1.jpg\" target=\"_blank\" rel=\"noopener\"><img loading=\"lazy\" decoding=\"async\" width=\"683\" height=\"910\" data-id=\"1085\" src=\"https:\/\/tannenberg-allee.de\/wp-content\/uploads\/2023\/09\/2023_09_11_Insektenreich1.jpg\" alt=\"\" class=\"wp-image-1085\" srcset=\"https:\/\/tannenberg-allee.de\/wp-content\/uploads\/2023\/09\/2023_09_11_Insektenreich1.jpg 683w, https:\/\/tannenberg-allee.de\/wp-content\/uploads\/2023\/09\/2023_09_11_Insektenreich1-225x300.jpg 225w\" sizes=\"auto, (max-width: 683px) 100vw, 683px\" \/><\/a><\/figure>\n\n\n\n<figure class=\"wp-block-image size-large\"><a href=\"https:\/\/tannenberg-allee.de\/wp-content\/uploads\/2023\/08\/Insekten_1-scaled.jpg\" target=\"_blank\" rel=\"noopener\"><img loading=\"lazy\" decoding=\"async\" width=\"768\" height=\"1024\" data-id=\"981\" src=\"https:\/\/tannenberg-allee.de\/wp-content\/uploads\/2023\/08\/Insekten_1-768x1024.jpg\" alt=\"\" class=\"wp-image-981\" srcset=\"https:\/\/tannenberg-allee.de\/wp-content\/uploads\/2023\/08\/Insekten_1-768x1024.jpg 768w, https:\/\/tannenberg-allee.de\/wp-content\/uploads\/2023\/08\/Insekten_1-225x300.jpg 225w, https:\/\/tannenberg-allee.de\/wp-content\/uploads\/2023\/08\/Insekten_1-1152x1536.jpg 1152w, https:\/\/tannenberg-allee.de\/wp-content\/uploads\/2023\/08\/Insekten_1-1536x2048.jpg 1536w, https:\/\/tannenberg-allee.de\/wp-content\/uploads\/2023\/08\/Insekten_1-900x1200.jpg 900w, https:\/\/tannenberg-allee.de\/wp-content\/uploads\/2023\/08\/Insekten_1-1280x1707.jpg 1280w, https:\/\/tannenberg-allee.de\/wp-content\/uploads\/2023\/08\/Insekten_1-scaled.jpg 1920w\" sizes=\"auto, (max-width: 768px) 100vw, 768px\" \/><\/a><\/figure>\n\n\n\n<figure class=\"wp-block-image size-full\"><a href=\"https:\/\/tannenberg-allee.de\/wp-content\/uploads\/2020\/02\/Zelt-aussen-2.jpg\" target=\"_blank\" rel=\"noopener\"><img loading=\"lazy\" decoding=\"async\" width=\"320\" height=\"240\" data-id=\"139\" src=\"https:\/\/tannenberg-allee.de\/wp-content\/uploads\/2020\/02\/Zelt-aussen-2.jpg\" alt=\"\" class=\"wp-image-139\" srcset=\"https:\/\/tannenberg-allee.de\/wp-content\/uploads\/2020\/02\/Zelt-aussen-2.jpg 320w, https:\/\/tannenberg-allee.de\/wp-content\/uploads\/2020\/02\/Zelt-aussen-2-300x225.jpg 300w\" sizes=\"auto, (max-width: 320px) 100vw, 320px\" \/><\/a><\/figure>\n\n\n\n<figure class=\"wp-block-image size-large\"><a href=\"https:\/\/tannenberg-allee.de\/wp-content\/uploads\/2024\/02\/Osterfeuer3-scaled.jpg\" target=\"_blank\" rel=\"noopener\"><img loading=\"lazy\" decoding=\"async\" width=\"1024\" height=\"768\" data-id=\"1527\" src=\"https:\/\/tannenberg-allee.de\/wp-content\/uploads\/2024\/02\/Osterfeuer3-1024x768.jpg\" alt=\"\" class=\"wp-image-1527\" srcset=\"https:\/\/tannenberg-allee.de\/wp-content\/uploads\/2024\/02\/Osterfeuer3-1024x768.jpg 1024w, https:\/\/tannenberg-allee.de\/wp-content\/uploads\/2024\/02\/Osterfeuer3-300x225.jpg 300w, https:\/\/tannenberg-allee.de\/wp-content\/uploads\/2024\/02\/Osterfeuer3-768x576.jpg 768w, https:\/\/tannenberg-allee.de\/wp-content\/uploads\/2024\/02\/Osterfeuer3-1536x1152.jpg 1536w, https:\/\/tannenberg-allee.de\/wp-content\/uploads\/2024\/02\/Osterfeuer3-2048x1536.jpg 2048w, https:\/\/tannenberg-allee.de\/wp-content\/uploads\/2024\/02\/Osterfeuer3-900x675.jpg 900w, https:\/\/tannenberg-allee.de\/wp-content\/uploads\/2024\/02\/Osterfeuer3-1280x960.jpg 1280w, https:\/\/tannenberg-allee.de\/wp-content\/uploads\/2024\/02\/Osterfeuer3-640x480.jpg 640w\" sizes=\"auto, (max-width: 1024px) 100vw, 1024px\" \/><\/a><\/figure>\n\n\n\n<figure class=\"wp-block-image size-large\"><a href=\"https:\/\/tannenberg-allee.de\/wp-content\/uploads\/2022\/12\/IMG_0481-2-scaled.jpeg\" target=\"_blank\" rel=\"noopener\"><img loading=\"lazy\" decoding=\"async\" width=\"768\" height=\"1024\" data-id=\"833\" src=\"https:\/\/tannenberg-allee.de\/wp-content\/uploads\/2022\/12\/IMG_0481-2-768x1024.jpeg\" alt=\"\" class=\"wp-image-833\" srcset=\"https:\/\/tannenberg-allee.de\/wp-content\/uploads\/2022\/12\/IMG_0481-2-768x1024.jpeg 768w, https:\/\/tannenberg-allee.de\/wp-content\/uploads\/2022\/12\/IMG_0481-2-225x300.jpeg 225w, https:\/\/tannenberg-allee.de\/wp-content\/uploads\/2022\/12\/IMG_0481-2-1152x1536.jpeg 1152w, https:\/\/tannenberg-allee.de\/wp-content\/uploads\/2022\/12\/IMG_0481-2-1536x2048.jpeg 1536w, https:\/\/tannenberg-allee.de\/wp-content\/uploads\/2022\/12\/IMG_0481-2-900x1200.jpeg 900w, https:\/\/tannenberg-allee.de\/wp-content\/uploads\/2022\/12\/IMG_0481-2-1280x1707.jpeg 1280w, https:\/\/tannenberg-allee.de\/wp-content\/uploads\/2022\/12\/IMG_0481-2-scaled.jpeg 1920w\" sizes=\"auto, (max-width: 768px) 100vw, 768px\" \/><\/a><\/figure>\n\n\n\n<figure class=\"wp-block-image size-large\"><a href=\"https:\/\/tannenberg-allee.de\/wp-content\/uploads\/2022\/09\/20220903_170803-1-scaled.jpg\" target=\"_blank\" rel=\"noopener\"><img loading=\"lazy\" decoding=\"async\" width=\"768\" height=\"1024\" data-id=\"768\" src=\"https:\/\/tannenberg-allee.de\/wp-content\/uploads\/2022\/09\/20220903_170803-1-768x1024.jpg\" alt=\"\" class=\"wp-image-768\" srcset=\"https:\/\/tannenberg-allee.de\/wp-content\/uploads\/2022\/09\/20220903_170803-1-768x1024.jpg 768w, https:\/\/tannenberg-allee.de\/wp-content\/uploads\/2022\/09\/20220903_170803-1-225x300.jpg 225w, https:\/\/tannenberg-allee.de\/wp-content\/uploads\/2022\/09\/20220903_170803-1-1152x1536.jpg 1152w, https:\/\/tannenberg-allee.de\/wp-content\/uploads\/2022\/09\/20220903_170803-1-1536x2048.jpg 1536w, https:\/\/tannenberg-allee.de\/wp-content\/uploads\/2022\/09\/20220903_170803-1-900x1200.jpg 900w, https:\/\/tannenberg-allee.de\/wp-content\/uploads\/2022\/09\/20220903_170803-1-1280x1707.jpg 1280w, https:\/\/tannenberg-allee.de\/wp-content\/uploads\/2022\/09\/20220903_170803-1-scaled.jpg 1920w\" sizes=\"auto, (max-width: 768px) 100vw, 768px\" \/><\/a><\/figure>\n\n\n\n<figure class=\"wp-block-image size-large\"><a href=\"https:\/\/tannenberg-allee.de\/wp-content\/uploads\/2022\/09\/20220903_162016-2.jpg\" target=\"_blank\" rel=\"noopener\"><img loading=\"lazy\" decoding=\"async\" width=\"450\" height=\"600\" data-id=\"767\" src=\"https:\/\/tannenberg-allee.de\/wp-content\/uploads\/2022\/09\/20220903_162016-2.jpg\" alt=\"\" class=\"wp-image-767\" srcset=\"https:\/\/tannenberg-allee.de\/wp-content\/uploads\/2022\/09\/20220903_162016-2.jpg 450w, https:\/\/tannenberg-allee.de\/wp-content\/uploads\/2022\/09\/20220903_162016-2-225x300.jpg 225w\" sizes=\"auto, (max-width: 450px) 100vw, 450px\" \/><\/a><\/figure>\n\n\n\n<figure class=\"wp-block-image size-large\"><a href=\"https:\/\/tannenberg-allee.de\/wp-content\/uploads\/2022\/01\/GuF01_22_B01.jpg\" target=\"_blank\" rel=\"noopener\"><img loading=\"lazy\" decoding=\"async\" width=\"768\" height=\"1024\" data-id=\"655\" src=\"https:\/\/tannenberg-allee.de\/wp-content\/uploads\/2022\/01\/GuF01_22_B01-768x1024.jpg\" alt=\"\" class=\"wp-image-655\" srcset=\"https:\/\/tannenberg-allee.de\/wp-content\/uploads\/2022\/01\/GuF01_22_B01-768x1024.jpg 768w, https:\/\/tannenberg-allee.de\/wp-content\/uploads\/2022\/01\/GuF01_22_B01-225x300.jpg 225w, https:\/\/tannenberg-allee.de\/wp-content\/uploads\/2022\/01\/GuF01_22_B01.jpg 867w\" sizes=\"auto, (max-width: 768px) 100vw, 768px\" \/><\/a><\/figure>\n\n\n\n<figure class=\"wp-block-image size-large\"><a href=\"https:\/\/tannenberg-allee.de\/wp-content\/uploads\/2020\/02\/cropped-headerbild-7.png\" target=\"_blank\" rel=\"noopener\"><img loading=\"lazy\" decoding=\"async\" width=\"1024\" height=\"267\" data-id=\"283\" src=\"https:\/\/tannenberg-allee.de\/wp-content\/uploads\/2020\/02\/cropped-headerbild-7-1024x267.png\" alt=\"\" class=\"wp-image-283\" srcset=\"https:\/\/tannenberg-allee.de\/wp-content\/uploads\/2020\/02\/cropped-headerbild-7-1024x267.png 1024w, https:\/\/tannenberg-allee.de\/wp-content\/uploads\/2020\/02\/cropped-headerbild-7-300x78.png 300w, https:\/\/tannenberg-allee.de\/wp-content\/uploads\/2020\/02\/cropped-headerbild-7-768x200.png 768w, https:\/\/tannenberg-allee.de\/wp-content\/uploads\/2020\/02\/cropped-headerbild-7-624x163.png 624w, https:\/\/tannenberg-allee.de\/wp-content\/uploads\/2020\/02\/cropped-headerbild-7.png 1213w\" sizes=\"auto, (max-width: 1024px) 100vw, 1024px\" \/><\/a><\/figure>\n<\/figure>\n\n\n\n<p><\/p>\n","protected":false},"excerpt":{"rendered":"<p>&#8230; auf der Internetseite des KGV Tannenberg-Allee e. V.! Die Seite dient haupts\u00e4chlich der Information unserer P\u00e4chter, aber auch anderer Interessierter, die wir hoffentlich demn\u00e4chst beim Flanieren durch unsere Kolonien oder in unserer Vereinsgastst\u00e4tte begr\u00fc\u00dfen d\u00fcrfen. Gut gr\u00fcn und allen eine sch\u00f6ne Zeit&#8230; Letzte Beitr\u00e4ge:<\/p>\n","protected":false},"author":1,"featured_media":0,"parent":0,"menu_order":0,"comment_status":"closed","ping_status":"closed","template":"","meta":{"footnotes":""},"class_list":["post-101","page","type-page","status-publish","hentry"],"_links":{"self":[{"href":"https:\/\/tannenberg-allee.de\/index.php?rest_route=\/wp\/v2\/pages\/101","targetHints":{"allow":["GET"]}}],"collection":[{"href":"https:\/\/tannenberg-allee.de\/index.php?rest_route=\/wp\/v2\/pages"}],"about":[{"href":"https:\/\/tannenberg-allee.de\/index.php?rest_route=\/wp\/v2\/types\/page"}],"author":[{"embeddable":true,"href":"https:\/\/tannenberg-allee.de\/index.php?rest_route=\/wp\/v2\/users\/1"}],"replies":[{"embeddable":true,"href":"https:\/\/tannenberg-allee.de\/index.php?rest_route=%2Fwp%2Fv2%2Fcomments&post=101"}],"version-history":[{"count":35,"href":"https:\/\/tannenberg-allee.de\/index.php?rest_route=\/wp\/v2\/pages\/101\/revisions"}],"predecessor-version":[{"id":1559,"href":"https:\/\/tannenberg-allee.de\/index.php?rest_route=\/wp\/v2\/pages\/101\/revisions\/1559"}],"wp:attachment":[{"href":"https:\/\/tannenberg-allee.de\/index.php?rest_route=%2Fwp%2Fv2%2Fmedia&parent=101"}],"curies":[{"name":"wp","href":"https:\/\/api.w.org\/{rel}","templated":true}]}}